{"id":7384,"date":"2024-07-11T12:50:49","date_gmt":"2024-07-11T12:50:49","guid":{"rendered":"https:\/\/fnchildclaims.ca\/?page_id=7384"},"modified":"2025-02-11T00:11:52","modified_gmt":"2025-02-11T00:11:52","slug":"accessibilite","status":"publish","type":"page","link":"https:\/\/fnchildclaims.ca\/fr\/accessibilite\/","title":{"rendered":"Accessibilit\u00e9"},"content":{"rendered":"<p><div class=\"fusion-fullwidth fullwidth-box fusion-builder-row-1 fusion-flex-container has-pattern-background has-mask-background nonhundred-percent-fullwidth non-hundred-percent-height-scrolling\" style=\"--awb-border-radius-top-left:0px;--awb-border-radius-top-right:0px;--awb-border-radius-bottom-right:0px;--awb-border-radius-bottom-left:0px;--awb-padding-top:20px;--awb-padding-bottom:20px;\" ><div class=\"fusion-builder-row fusion-row fusion-flex-align-items-flex-start\" style=\"max-width:1216.8px;margin-left: calc(-4% \/ 2 );margin-right: calc(-4% \/ 2 );\"><div class=\"fusion-layout-column fusion_builder_column fusion-builder-column-0 fusion_builder_column_1_1 1_1 fusion-flex-column\" style=\"--awb-bg-size:cover;--awb-width-large:100%;--awb-margin-top-large:0px;--awb-spacing-right-large:1.92%;--awb-margin-bottom-large:0px;--awb-spacing-left-large:1.92%;--awb-width-medium:100%;--awb-order-medium:0;--awb-spacing-right-medium:1.92%;--awb-spacing-left-medium:1.92%;--awb-width-small:100%;--awb-order-small:0;--awb-spacing-right-small:1.92%;--awb-spacing-left-small:1.92%;\"><div class=\"fusion-column-wrapper fusion-column-has-shadow fusion-flex-justify-content-flex-start fusion-content-layout-column\"><div class=\"fusion-breadcrumbs awb-yoast-breadcrumbs fusion-breadcrumbs-1\"><span><span><a href=\"https:\/\/fnchildclaims.ca\/fr\/\">Accueil<\/a><\/span><\/span><\/div><\/div><\/div><\/div><\/div><div class=\"fusion-fullwidth fullwidth-box fusion-builder-row-2 fusion-flex-container nonhundred-percent-fullwidth non-hundred-percent-height-scrolling\" style=\"--awb-border-radius-top-left:0px;--awb-border-radius-top-right:0px;--awb-border-radius-bottom-right:0px;--awb-border-radius-bottom-left:0px;\" ><div class=\"fusion-builder-row fusion-row fusion-flex-align-items-flex-start\" style=\"max-width:1216.8px;margin-left: calc(-4% \/ 2 );margin-right: calc(-4% \/ 2 );\"><div class=\"fusion-layout-column fusion_builder_column fusion-builder-column-1 fusion_builder_column_1_1 1_1 fusion-flex-column\" style=\"--awb-padding-bottom:20px;--awb-bg-blend:overlay;--awb-bg-size:cover;--awb-width-large:100%;--awb-margin-top-large:0px;--awb-spacing-right-large:1.92%;--awb-margin-bottom-large:0px;--awb-spacing-left-large:1.92%;--awb-width-medium:100%;--awb-order-medium:0;--awb-spacing-right-medium:1.92%;--awb-spacing-left-medium:1.92%;--awb-width-small:100%;--awb-order-small:0;--awb-spacing-right-small:1.92%;--awb-spacing-left-small:1.92%;\" data-motion-effects=\"[{&quot;type&quot;:&quot;&quot;,&quot;scroll_type&quot;:&quot;transition&quot;,&quot;scroll_direction&quot;:&quot;up&quot;,&quot;transition_speed&quot;:&quot;1&quot;,&quot;fade_type&quot;:&quot;in&quot;,&quot;scale_type&quot;:&quot;up&quot;,&quot;initial_scale&quot;:&quot;1&quot;,&quot;max_scale&quot;:&quot;1.5&quot;,&quot;min_scale&quot;:&quot;0.5&quot;,&quot;initial_rotate&quot;:&quot;0&quot;,&quot;end_rotate&quot;:&quot;30&quot;,&quot;initial_blur&quot;:&quot;0&quot;,&quot;end_blur&quot;:&quot;3&quot;,&quot;start_element&quot;:&quot;top&quot;,&quot;start_viewport&quot;:&quot;bottom&quot;,&quot;end_element&quot;:&quot;bottom&quot;,&quot;end_viewport&quot;:&quot;top&quot;,&quot;mouse_effect&quot;:&quot;track&quot;,&quot;mouse_effect_direction&quot;:&quot;opposite&quot;,&quot;mouse_effect_speed&quot;:&quot;2&quot;,&quot;infinite_animation&quot;:&quot;float&quot;,&quot;infinite_animation_speed&quot;:&quot;2&quot;}]\" data-scroll-devices=\"small-visibility,medium-visibility,large-visibility\"><div class=\"fusion-column-wrapper fusion-column-has-shadow fusion-flex-justify-content-flex-start fusion-content-layout-column\"><div class=\"fusion-text fusion-text-1\" style=\"--awb-font-size:26px;--awb-line-height:36px;--awb-margin-top:20px;\"><p>Nous nous engageons \u00e0 cr\u00e9er une exp\u00e9rience accessible \u00e0 tous, quel que soit le niveau de capacit\u00e9. Nous travaillons sans rel\u00e2che pour offrir un acc\u00e8s \u00e0 l\u2019information avec une exp\u00e9rience optimis\u00e9e, en appliquant les normes d\u2019accessibilit\u00e9 actuelles telles qu\u2019elles s\u2019appliquent \u00e0 notre site Web public.<\/p>\n<\/div><div class=\"fusion-title title fusion-title-1 fusion-sep-none fusion-title-text fusion-title-size-two\" style=\"--awb-font-size:32px;\"><h2 class=\"title-heading-left fusion-responsive-typography-calculated\" style=\"margin:0;font-size:1em;text-transform:none;--fontSize:32;line-height:1.31;\">Information et communication<\/h2><\/div><div class=\"fusion-text fusion-text-2\"><p>Nous \u00e9valuons notre site Web selon les R\u00e8gles pour l\u2019accessibilit\u00e9 du contenu Web (WCAG) 2.2 Niveau AA. Nous accordons la priorit\u00e9 \u00e0 la r\u00e9solution des erreurs 2.1 AA. Nous effectuons r\u00e9guli\u00e8rement des audits, des rapports et la r\u00e9solution des probl\u00e8mes afin de rester conformes \u00e0 la Loi canadienne sur l\u2019accessibilit\u00e9 (LCA) et \u00e0 la Loi sur l\u2019accessibilit\u00e9 pour les personnes handicap\u00e9es de l\u2019Ontario (LAPHO).  <\/p>\n<p>Certains documents juridiques figurant sur ce site Web ont \u00e9t\u00e9 fournis par des entit\u00e9s tierces et sont h\u00e9berg\u00e9s ici \u00e0 titre d\u2019information. Veuillez noter que ces documents PDF peuvent ne pas \u00eatre conformes aux normes d\u2019accessibilit\u00e9 actuelles. Nous ne pouvons pas garantir l\u2019accessibilit\u00e9 du contenu fourni par des sources externes. Pour demander une version accessible d\u2019un document juridique, veuillez nous contacter \u00e0 l\u2019adresse suivante : <a href=\"mailto:accessibility@fnchildclaims.ca\">accessibility@fnchildclaims.ca.<\/a><\/p>\n<\/div><div class=\"fusion-title title fusion-title-2 fusion-sep-none fusion-title-text fusion-title-size-two\" style=\"--awb-font-size:32px;\"><h2 class=\"title-heading-left fusion-responsive-typography-calculated\" style=\"margin:0;font-size:1em;text-transform:none;--fontSize:32;line-height:1.31;\">Service \u00e0 la client\u00e8le<\/h2><\/div><div class=\"fusion-text fusion-text-3\"><p>Notre personnel est form\u00e9 pour fournir un service \u00e0 la client\u00e8le accessible, y compris des m\u00e9thodes de communication qui tiennent compte de diff\u00e9rents niveaux de capacit\u00e9. Nous nous engageons \u00e0 communiquer avec les clients de mani\u00e8re accessible.<\/p>\n<\/div><div class=\"fusion-title title fusion-title-3 fusion-sep-none fusion-title-text fusion-title-size-two\" style=\"--awb-font-size:32px;\"><h2 class=\"title-heading-left fusion-responsive-typography-calculated\" style=\"margin:0;font-size:1em;text-transform:none;--fontSize:32;line-height:1.31;\">Nous contacter<\/h2><\/div><div class=\"fusion-text fusion-text-4\"><p>Nous sommes l\u00e0 pour r\u00e9pondre \u00e0 vos questions sur l\u2019accessibilit\u00e9 et vous aider \u00e0 \u00e9liminer les obstacles que vous pourriez rencontrer pour acc\u00e9der \u00e0 nos informations ou services. Contactez-nous \u00e0 l\u2019adresse <a href=\"mailto:accessibility@fnchildclaims.ca\">accessibility@fnchildclaims.ca<\/a>. Vous recevrez une r\u00e9ponse dans les cinq jours ouvrables.<\/p>\n<\/div><\/div><\/div><\/div><\/div><\/p>\n","protected":false},"excerpt":{"rendered":"","protected":false},"author":5,"featured_media":0,"parent":0,"menu_order":0,"comment_status":"closed","ping_status":"closed","template":"100-width.php","meta":{"_acf_changed":false,"inline_featured_image":false,"footnotes":"","_links_to":"","_links_to_target":""},"wf_page_folders":[79],"class_list":["post-7384","page","type-page","status-publish","hentry"],"acf":[],"yoast_head":"<!-- This site is optimized with the Yoast SEO plugin v27.2 - https:\/\/yoast.com\/product\/yoast-seo-wordpress\/ -->\n<title>Accessibilit\u00e9<\/title>\n<meta name=\"description\" content=\"Nous nous engageons \u00e0 cr\u00e9er une exp\u00e9rience accessible \u00e0 tous, quel que soit le niveau de capacit\u00e9. Nous travaillons sans rel\u00e2che pour offrir un acc\u00e8s \u00e0 l\u2019information avec une exp\u00e9rience optimis\u00e9e, en appliquant les normes d\u2019accessibilit\u00e9 actuelles telles qu\u2019elles s\u2019appliquent \u00e0 notre site Web public.\" \/>\n<meta name=\"robots\" content=\"index, follow, max-snippet:-1, max-image-preview:large, max-video-preview:-1\" \/>\n<link rel=\"canonical\" href=\"https:\/\/fnchildclaims.ca\/fr\/accessibilite\/\" \/>\n<meta property=\"og:locale\" content=\"fr_FR\" \/>\n<meta property=\"og:type\" content=\"article\" \/>\n<meta property=\"og:title\" content=\"Accessibilit\u00e9\" \/>\n<meta property=\"og:description\" content=\"Nous nous engageons \u00e0 cr\u00e9er une exp\u00e9rience accessible \u00e0 tous, quel que soit le niveau de capacit\u00e9. Nous travaillons sans rel\u00e2che pour offrir un acc\u00e8s \u00e0 l\u2019information avec une exp\u00e9rience optimis\u00e9e, en appliquant les normes d\u2019accessibilit\u00e9 actuelles telles qu\u2019elles s\u2019appliquent \u00e0 notre site Web public.\" \/>\n<meta property=\"og:url\" content=\"https:\/\/fnchildclaims.ca\/fr\/accessibilite\/\" \/>\n<meta property=\"og:site_name\" content=\"First Nations Child and Family Services and Jordan\u2019s Principle Settlement\" \/>\n<meta property=\"article:modified_time\" content=\"2025-02-11T00:11:52+00:00\" \/>\n<meta name=\"twitter:card\" content=\"summary_large_image\" \/>\n<meta name=\"twitter:title\" content=\"Politique de confidentialit\u00e9\" \/>\n<meta name=\"twitter:description\" content=\"Le pr\u00e9sent \u00e9nonc\u00e9 de confidentialit\u00e9 explique la nature des renseignements que nous recueillons \u00e0 votre sujet, l\u2019utilisation que nous en faisons et \u00e0 qui nous les communiquons.\" \/>\n<meta name=\"twitter:label1\" content=\"Dur\u00e9e de lecture estim\u00e9e\" \/>\n\t<meta name=\"twitter:data1\" content=\"5 minutes\" \/>\n<script type=\"application\/ld+json\" class=\"yoast-schema-graph\">{\"@context\":\"https:\/\/schema.org\",\"@graph\":[{\"@type\":\"WebPage\",\"@id\":\"https:\/\/fnchildclaims.ca\/fr\/accessibilite\/\",\"url\":\"https:\/\/fnchildclaims.ca\/fr\/accessibilite\/\",\"name\":\"Accessibilit\u00e9\",\"isPartOf\":{\"@id\":\"https:\/\/fnchildclaims.ca\/#website\"},\"datePublished\":\"2024-07-11T12:50:49+00:00\",\"dateModified\":\"2025-02-11T00:11:52+00:00\",\"description\":\"Nous nous engageons \u00e0 cr\u00e9er une exp\u00e9rience accessible \u00e0 tous, quel que soit le niveau de capacit\u00e9. Nous travaillons sans rel\u00e2che pour offrir un acc\u00e8s \u00e0 l\u2019information avec une exp\u00e9rience optimis\u00e9e, en appliquant les normes d\u2019accessibilit\u00e9 actuelles telles qu\u2019elles s\u2019appliquent \u00e0 notre site Web public.\",\"breadcrumb\":{\"@id\":\"https:\/\/fnchildclaims.ca\/fr\/accessibilite\/#breadcrumb\"},\"inLanguage\":\"fr-FR\",\"potentialAction\":[{\"@type\":\"ReadAction\",\"target\":[\"https:\/\/fnchildclaims.ca\/fr\/accessibilite\/\"]}]},{\"@type\":\"BreadcrumbList\",\"@id\":\"https:\/\/fnchildclaims.ca\/fr\/accessibilite\/#breadcrumb\",\"itemListElement\":[{\"@type\":\"ListItem\",\"position\":1,\"name\":\"Accueil\",\"item\":\"https:\/\/fnchildclaims.ca\/fr\/\"},{\"@type\":\"ListItem\",\"position\":2,\"name\":\"Accessibilit\u00e9\"}]},{\"@type\":\"WebSite\",\"@id\":\"https:\/\/fnchildclaims.ca\/#website\",\"url\":\"https:\/\/fnchildclaims.ca\/\",\"name\":\"First Nations Child and Family Services and Jordan\u2019s Principle Settlement\",\"description\":\"\",\"potentialAction\":[{\"@type\":\"SearchAction\",\"target\":{\"@type\":\"EntryPoint\",\"urlTemplate\":\"https:\/\/fnchildclaims.ca\/?s={search_term_string}\"},\"query-input\":{\"@type\":\"PropertyValueSpecification\",\"valueRequired\":true,\"valueName\":\"search_term_string\"}}],\"inLanguage\":\"fr-FR\"}]}<\/script>\n<!-- \/ Yoast SEO plugin. -->","yoast_head_json":{"title":"Accessibilit\u00e9","description":"Nous nous engageons \u00e0 cr\u00e9er une exp\u00e9rience accessible \u00e0 tous, quel que soit le niveau de capacit\u00e9. Nous travaillons sans rel\u00e2che pour offrir un acc\u00e8s \u00e0 l\u2019information avec une exp\u00e9rience optimis\u00e9e, en appliquant les normes d\u2019accessibilit\u00e9 actuelles telles qu\u2019elles s\u2019appliquent \u00e0 notre site Web public.","robots":{"index":"index","follow":"follow","max-snippet":"max-snippet:-1","max-image-preview":"max-image-preview:large","max-video-preview":"max-video-preview:-1"},"canonical":"https:\/\/fnchildclaims.ca\/fr\/accessibilite\/","og_locale":"fr_FR","og_type":"article","og_title":"Accessibilit\u00e9","og_description":"Nous nous engageons \u00e0 cr\u00e9er une exp\u00e9rience accessible \u00e0 tous, quel que soit le niveau de capacit\u00e9. Nous travaillons sans rel\u00e2che pour offrir un acc\u00e8s \u00e0 l\u2019information avec une exp\u00e9rience optimis\u00e9e, en appliquant les normes d\u2019accessibilit\u00e9 actuelles telles qu\u2019elles s\u2019appliquent \u00e0 notre site Web public.","og_url":"https:\/\/fnchildclaims.ca\/fr\/accessibilite\/","og_site_name":"First Nations Child and Family Services and Jordan\u2019s Principle Settlement","article_modified_time":"2025-02-11T00:11:52+00:00","twitter_card":"summary_large_image","twitter_title":"Politique de confidentialit\u00e9","twitter_description":"Le pr\u00e9sent \u00e9nonc\u00e9 de confidentialit\u00e9 explique la nature des renseignements que nous recueillons \u00e0 votre sujet, l\u2019utilisation que nous en faisons et \u00e0 qui nous les communiquons.","twitter_misc":{"Dur\u00e9e de lecture estim\u00e9e":"5 minutes"},"schema":{"@context":"https:\/\/schema.org","@graph":[{"@type":"WebPage","@id":"https:\/\/fnchildclaims.ca\/fr\/accessibilite\/","url":"https:\/\/fnchildclaims.ca\/fr\/accessibilite\/","name":"Accessibilit\u00e9","isPartOf":{"@id":"https:\/\/fnchildclaims.ca\/#website"},"datePublished":"2024-07-11T12:50:49+00:00","dateModified":"2025-02-11T00:11:52+00:00","description":"Nous nous engageons \u00e0 cr\u00e9er une exp\u00e9rience accessible \u00e0 tous, quel que soit le niveau de capacit\u00e9. Nous travaillons sans rel\u00e2che pour offrir un acc\u00e8s \u00e0 l\u2019information avec une exp\u00e9rience optimis\u00e9e, en appliquant les normes d\u2019accessibilit\u00e9 actuelles telles qu\u2019elles s\u2019appliquent \u00e0 notre site Web public.","breadcrumb":{"@id":"https:\/\/fnchildclaims.ca\/fr\/accessibilite\/#breadcrumb"},"inLanguage":"fr-FR","potentialAction":[{"@type":"ReadAction","target":["https:\/\/fnchildclaims.ca\/fr\/accessibilite\/"]}]},{"@type":"BreadcrumbList","@id":"https:\/\/fnchildclaims.ca\/fr\/accessibilite\/#breadcrumb","itemListElement":[{"@type":"ListItem","position":1,"name":"Accueil","item":"https:\/\/fnchildclaims.ca\/fr\/"},{"@type":"ListItem","position":2,"name":"Accessibilit\u00e9"}]},{"@type":"WebSite","@id":"https:\/\/fnchildclaims.ca\/#website","url":"https:\/\/fnchildclaims.ca\/","name":"First Nations Child and Family Services and Jordan\u2019s Principle Settlement","description":"","potentialAction":[{"@type":"SearchAction","target":{"@type":"EntryPoint","urlTemplate":"https:\/\/fnchildclaims.ca\/?s={search_term_string}"},"query-input":{"@type":"PropertyValueSpecification","valueRequired":true,"valueName":"search_term_string"}}],"inLanguage":"fr-FR"}]}},"_links":{"self":[{"href":"https:\/\/fnchildclaims.ca\/fr\/wp-json\/wp\/v2\/pages\/7384","targetHints":{"allow":["GET"]}}],"collection":[{"href":"https:\/\/fnchildclaims.ca\/fr\/wp-json\/wp\/v2\/pages"}],"about":[{"href":"https:\/\/fnchildclaims.ca\/fr\/wp-json\/wp\/v2\/types\/page"}],"author":[{"embeddable":true,"href":"https:\/\/fnchildclaims.ca\/fr\/wp-json\/wp\/v2\/users\/5"}],"replies":[{"embeddable":true,"href":"https:\/\/fnchildclaims.ca\/fr\/wp-json\/wp\/v2\/comments?post=7384"}],"version-history":[{"count":7,"href":"https:\/\/fnchildclaims.ca\/fr\/wp-json\/wp\/v2\/pages\/7384\/revisions"}],"predecessor-version":[{"id":15060,"href":"https:\/\/fnchildclaims.ca\/fr\/wp-json\/wp\/v2\/pages\/7384\/revisions\/15060"}],"wp:attachment":[{"href":"https:\/\/fnchildclaims.ca\/fr\/wp-json\/wp\/v2\/media?parent=7384"}],"wp:term":[{"taxonomy":"wf_page_folders","embeddable":true,"href":"https:\/\/fnchildclaims.ca\/fr\/wp-json\/wp\/v2\/wf_page_folders?post=7384"}],"curies":[{"name":"wp","href":"https:\/\/api.w.org\/{rel}","templated":true}]}}