{"id":22760,"date":"2025-08-18T18:49:59","date_gmt":"2025-08-18T18:49:59","guid":{"rendered":"https:\/\/fnchildclaims.ca\/outil-dinformation-sur-ladmissibilite\/"},"modified":"2025-09-10T16:01:07","modified_gmt":"2025-09-10T16:01:07","slug":"oia","status":"publish","type":"page","link":"https:\/\/fnchildclaims.ca\/fr\/oia\/","title":{"rendered":"Outil d\u2019information sur l\u2019admissibilit\u00e9"},"content":{"rendered":"<p><div class=\"fusion-fullwidth fullwidth-box fusion-builder-row-1 fusion-flex-container has-pattern-background has-mask-background not-to-print nonhundred-percent-fullwidth non-hundred-percent-height-scrolling\" style=\"--awb-border-radius-top-left:0px;--awb-border-radius-top-right:0px;--awb-border-radius-bottom-right:0px;--awb-border-radius-bottom-left:0px;--awb-padding-top:20px;--awb-padding-bottom:15px;\" ><div class=\"fusion-builder-row fusion-row fusion-flex-align-items-flex-start\" style=\"max-width:1216.8px;margin-left: calc(-4% \/ 2 );margin-right: calc(-4% \/ 2 );\"><div class=\"fusion-layout-column fusion_builder_column fusion-builder-column-0 fusion_builder_column_1_1 1_1 fusion-flex-column\" style=\"--awb-bg-size:cover;--awb-width-large:100%;--awb-margin-top-large:0px;--awb-spacing-right-large:1.92%;--awb-margin-bottom-large:0px;--awb-spacing-left-large:1.92%;--awb-width-medium:100%;--awb-order-medium:0;--awb-spacing-right-medium:1.92%;--awb-spacing-left-medium:1.92%;--awb-width-small:100%;--awb-order-small:0;--awb-spacing-right-small:1.92%;--awb-spacing-left-small:1.92%;\"><div class=\"fusion-column-wrapper fusion-column-has-shadow fusion-flex-justify-content-flex-start fusion-content-layout-column\"><div class=\"fusion-breadcrumbs awb-yoast-breadcrumbs fusion-breadcrumbs-1\"><span><span><a href=\"https:\/\/fnchildclaims.ca\/fr\/\">Accueil<\/a><\/span><\/span><\/div><\/div><\/div><\/div><\/div><div class=\"fusion-fullwidth fullwidth-box fusion-builder-row-2 fusion-flex-container has-pattern-background has-mask-background nonhundred-percent-fullwidth non-hundred-percent-height-scrolling\" style=\"--awb-border-radius-top-left:0px;--awb-border-radius-top-right:0px;--awb-border-radius-bottom-right:0px;--awb-border-radius-bottom-left:0px;--awb-margin-bottom:26px;\" ><div class=\"fusion-builder-row fusion-row fusion-flex-align-items-flex-start\" style=\"max-width:1216.8px;margin-left: calc(-4% \/ 2 );margin-right: calc(-4% \/ 2 );\"><div class=\"fusion-layout-column fusion_builder_column fusion-builder-column-1 fusion_builder_column_1_1 1_1 fusion-flex-column\" style=\"--awb-bg-size:cover;--awb-width-large:100%;--awb-margin-top-large:0px;--awb-spacing-right-large:1.92%;--awb-margin-bottom-large:0px;--awb-spacing-left-large:1.92%;--awb-width-medium:100%;--awb-order-medium:0;--awb-spacing-right-medium:1.92%;--awb-spacing-left-medium:1.92%;--awb-width-small:100%;--awb-order-small:0;--awb-spacing-right-small:1.92%;--awb-spacing-left-small:1.92%;\"><div class=\"fusion-column-wrapper fusion-column-has-shadow fusion-flex-justify-content-flex-start fusion-content-layout-column\"><div class=\"fusion-text fusion-text-1\" style=\"--awb-font-size:24px;--awb-text-font-family:var(--awb-typography3-font-family);--awb-text-font-weight:var(--awb-typography3-font-weight);--awb-text-font-style:var(--awb-typography3-font-style);\"><p>Utilisez ce questionnaire pour en savoir plus sur les conditions d\u2019admissibilit\u00e9 du <a href=\"https:\/\/fnchildclaims.ca\/fr\/les-groupes\/erf\/\">groupe des enfants retir\u00e9s de leur foyer <\/a>et le <a href=\"https:\/\/fnchildclaims.ca\/fr\/ferf\/\">groupe des familles des enfants retir\u00e9s de leur foyer.<\/a><\/p>\n<\/div><div class=\"fusion-text fusion-text-2\"><p><span style=\"letter-spacing: 0.24px; background-color: rgba(0, 0, 0, 0);\">Remplissez le questionnaire pour chaque r\u00e9clamation que vous souhaitez soumettre, que ce soit pour vous-m\u00eame ou pour quelqu\u2019un que vous repr\u00e9sentez.<\/span><\/p>\n<p>Vous pourriez \u00eatre admissible \u00e0 une indemnisation dans plus d\u2019un groupe.<\/p>\n<p>Rappelez-vous qu\u2019<strong>il ne s\u2019agit pas d\u2019un formulaire de r\u00e9clamation<\/strong>. Cet outil sert de point de d\u00e9part pour vous aider \u00e0 comprendre si vous pourriez avoir droit \u00e0 une indemnisation dans le cadre de ce r\u00e8glement. Il ne peut pas vous donner de r\u00e9ponse d\u00e9finitive, car de nombreux facteurs peuvent avoir une incidence sur votre admissibilit\u00e9. Pour participer au r\u00e8glement, vous devez remplir et <a href=\"https:\/\/fnchildclaims.ca\/fr\/reclamations\/\" target=\"_blank\" rel=\"noopener\">soumettre une r\u00e9clamation.<\/a><\/p>\n<p>Veuillez noter que nous ne recueillons aucun de vos renseignements personnels. Vos r\u00e9ponses ne sont utilis\u00e9es que pour vous fournir des renseignements sur les conditions d\u2019admissibilit\u00e9 et ne sont ni consign\u00e9es, ni partag\u00e9es, ni utilis\u00e9es \u00e0 d\u2019autres fins. Apr\u00e8s avoir ferm\u00e9 votre session, vos r\u00e9ponses seront supprim\u00e9es.<\/p>\n<\/div><\/div><\/div><\/div><\/div><div class=\"fusion-fullwidth fullwidth-box fusion-builder-row-3 fusion-flex-container has-pattern-background has-mask-background nonhundred-percent-fullwidth non-hundred-percent-height-scrolling\" style=\"--awb-border-radius-top-left:0px;--awb-border-radius-top-right:0px;--awb-border-radius-bottom-right:0px;--awb-border-radius-bottom-left:0px;--awb-margin-bottom:50px;\" ><div class=\"fusion-builder-row fusion-row fusion-flex-align-items-flex-start\" style=\"max-width:1216.8px;margin-left: calc(-4% \/ 2 );margin-right: calc(-4% \/ 2 );\"><div class=\"fusion-layout-column fusion_builder_column fusion-builder-column-2 fusion_builder_column_1_2 1_2 fusion-flex-column fusion-flex-align-self-stretch\" style=\"--awb-padding-top:48px;--awb-padding-bottom:32px;--awb-overflow:hidden;--awb-bg-color:var(--awb-custom_color_2);--awb-bg-color-hover:var(--awb-custom_color_1);--awb-bg-image:url(&#039;https:\/\/fnchildclaims.ca\/wp-content\/uploads\/2025\/08\/fncfsjp-EIT-cta.png&#039;);--awb-bg-size:cover;--awb-border-radius:5px 5px 5px 5px;--awb-width-large:50%;--awb-margin-top-large:0px;--awb-spacing-right-large:3.84%;--awb-margin-bottom-large:0px;--awb-spacing-left-large:3.84%;--awb-width-medium:100%;--awb-order-medium:0;--awb-spacing-right-medium:1.92%;--awb-spacing-left-medium:1.92%;--awb-width-small:100%;--awb-order-small:0;--awb-spacing-right-small:1.92%;--awb-spacing-left-small:1.92%;\"><div class=\"fusion-column-wrapper fusion-column-has-shadow fusion-flex-justify-content-flex-start fusion-content-layout-column\" data-bg-url=\"https:\/\/fnchildclaims.ca\/wp-content\/uploads\/2025\/08\/fncfsjp-EIT-cta.png\"><div class=\"fusion-text fusion-text-3\" style=\"--awb-font-size:25px;--awb-text-font-family:var(--awb-typography2-font-family);--awb-text-font-weight:var(--awb-typography2-font-weight);--awb-text-font-style:var(--awb-typography2-font-style);\"><p style=\"text-align: center;\"><a href=\"https:\/\/fnchildclaims.ca\/fr\/oia\/erf-outil\/\"><strong>Outil d&rsquo;information sur l&rsquo;admissibilit\u00e9<br \/>Groupe des enfants retir\u00e9s de leur foyer<\/strong><\/a><\/p>\n<\/div><div class=\"fusion-image-element \" style=\"text-align:center;--awb-max-width:60px;--awb-caption-title-font-family:var(--h2_typography-font-family);--awb-caption-title-font-weight:var(--h2_typography-font-weight);--awb-caption-title-font-style:var(--h2_typography-font-style);--awb-caption-title-size:var(--h2_typography-font-size);--awb-caption-title-transform:var(--h2_typography-text-transform);--awb-caption-title-line-height:var(--h2_typography-line-height);--awb-caption-title-letter-spacing:var(--h2_typography-letter-spacing);\"><span class=\" fusion-imageframe imageframe-none imageframe-1 hover-type-none\" class=\"image-magnify\" class=\"image-scroll\"><img decoding=\"async\" width=\"98\" height=\"73\" title=\"class1\" src=\"https:\/\/fnchildclaims.ca\/wp-content\/uploads\/2025\/09\/class1.png\" alt class=\"img-responsive wp-image-22746\"\/><\/span><\/div><\/div><\/div><div class=\"fusion-layout-column fusion_builder_column fusion-builder-column-3 fusion_builder_column_1_2 1_2 fusion-flex-column fusion-flex-align-self-stretch\" style=\"--awb-padding-top:48px;--awb-padding-bottom:32px;--awb-overflow:hidden;--awb-bg-color:var(--awb-custom_color_2);--awb-bg-color-hover:var(--awb-custom_color_1);--awb-bg-image:url(&#039;https:\/\/fnchildclaims.ca\/wp-content\/uploads\/2025\/08\/fncfsjp-EIT-cta.png&#039;);--awb-bg-size:cover;--awb-border-radius:5px 5px 5px 5px;--awb-width-large:50%;--awb-margin-top-large:0px;--awb-spacing-right-large:3.84%;--awb-margin-bottom-large:0px;--awb-spacing-left-large:3.84%;--awb-width-medium:100%;--awb-order-medium:0;--awb-spacing-right-medium:1.92%;--awb-spacing-left-medium:1.92%;--awb-width-small:100%;--awb-order-small:0;--awb-spacing-right-small:1.92%;--awb-spacing-left-small:1.92%;\"><div class=\"fusion-column-wrapper fusion-column-has-shadow fusion-flex-justify-content-flex-start fusion-content-layout-column\" data-bg-url=\"https:\/\/fnchildclaims.ca\/wp-content\/uploads\/2025\/08\/fncfsjp-EIT-cta.png\"><div class=\"fusion-text fusion-text-4\" style=\"--awb-font-size:25px;--awb-text-font-family:var(--awb-typography2-font-family);--awb-text-font-weight:var(--awb-typography2-font-weight);--awb-text-font-style:var(--awb-typography2-font-style);\"><p style=\"text-align: center;\"><a href=\"https:\/\/fnchildclaims.ca\/fr\/oia\/ferf-outil\/\"><strong>Outil d&rsquo;information sur l&rsquo;admissibilit\u00e9<br \/>Groupe des familles des enfants retir\u00e9s de leur foyer<\/strong><\/a><\/p>\n<\/div><div class=\"fusion-image-element \" style=\"text-align:center;--awb-max-width:60px;--awb-caption-title-font-family:var(--h2_typography-font-family);--awb-caption-title-font-weight:var(--h2_typography-font-weight);--awb-caption-title-font-style:var(--h2_typography-font-style);--awb-caption-title-size:var(--h2_typography-font-size);--awb-caption-title-transform:var(--h2_typography-text-transform);--awb-caption-title-line-height:var(--h2_typography-line-height);--awb-caption-title-letter-spacing:var(--h2_typography-letter-spacing);\"><span class=\" fusion-imageframe imageframe-none imageframe-2 hover-type-none\" class=\"image-magnify\" class=\"image-scroll\"><img decoding=\"async\" width=\"98\" height=\"73\" title=\"class2\" src=\"https:\/\/fnchildclaims.ca\/wp-content\/uploads\/2025\/09\/class2.png\" alt class=\"img-responsive wp-image-22748\"\/><\/span><\/div><\/div><\/div><\/div><\/div><div class=\"fusion-fullwidth fullwidth-box fusion-builder-row-4 fusion-flex-container has-pattern-background has-mask-background nonhundred-percent-fullwidth non-hundred-percent-height-scrolling\" style=\"--awb-border-radius-top-left:0px;--awb-border-radius-top-right:0px;--awb-border-radius-bottom-right:0px;--awb-border-radius-bottom-left:0px;--awb-padding-top:18px;--awb-margin-bottom:0px;--awb-background-color:#fcf5db;\" ><div class=\"fusion-builder-row fusion-row fusion-flex-align-items-flex-start\" style=\"max-width:1216.8px;margin-left: calc(-4% \/ 2 );margin-right: calc(-4% \/ 2 );\"><div class=\"fusion-layout-column fusion_builder_column fusion-builder-column-4 fusion_builder_column_1_1 1_1 fusion-flex-column\" style=\"--awb-bg-size:cover;--awb-width-large:100%;--awb-margin-top-large:0px;--awb-spacing-right-large:1.92%;--awb-margin-bottom-large:0px;--awb-spacing-left-large:1.92%;--awb-width-medium:100%;--awb-order-medium:0;--awb-spacing-right-medium:1.92%;--awb-spacing-left-medium:1.92%;--awb-width-small:100%;--awb-order-small:0;--awb-spacing-right-small:1.92%;--awb-spacing-left-small:1.92%;\"><div class=\"fusion-column-wrapper fusion-column-has-shadow fusion-flex-justify-content-flex-start fusion-content-layout-column\"><div class=\"fusion-text fusion-text-5\"><p><span style=\"letter-spacing: 0.24px; background-color: rgba(0, 0, 0, 0);\">Il peut \u00eatre \u00e9motivement difficile de naviguer \u00e0 travers le processus de r\u00e9clamation. Un soutien \u00e9motionnel et en mati\u00e8re de mieux-\u00eatre est disponible aupr\u00e8s de la Ligne d\u2019\u00e9coute d\u2019espoir pour le mieux-\u00eatre au <\/span><a style=\"letter-spacing: 0.24px; background-color: rgba(0, 0, 0, 0);\" href=\"tel:+18552423310\"> 1-855-242-3310<\/a> <span style=\"letter-spacing: 0.24px; background-color: rgba(0, 0, 0, 0);\">ou \u00e0 <\/span><a style=\"letter-spacing: 0.24px; background-color: rgba(0, 0, 0, 0);\" href=\"http:\/\/www.espoirpourlemieuxetre.ca\" target=\"_blank\" rel=\"noopener\">EspoirPourLeMieuxEtre.ca<\/a><span style=\"letter-spacing: 0.24px; background-color: rgba(0, 0, 0, 0);\">. Les enfants et les jeunes peuvent aussi communiquer avec le service Jeunesse, J\u2019\u00e9coute disponible 24 heures sur 24 au <\/span><a style=\"letter-spacing: 0.24px; background-color: rgba(0, 0, 0, 0);\" href=\"tel:+18006686868\">1\u2011800\u2011668\u20116868<\/a><span style=\"letter-spacing: 0.24px; background-color: rgba(0, 0, 0, 0);\"> ou en envoyant le texto PREMI\u00c8RESNATIONS au <\/span><a style=\"letter-spacing: 0.24px; background-color: rgba(0, 0, 0, 0);\" href=\"sms:686868\">686868<\/a><span style=\"letter-spacing: 0.24px; background-color: rgba(0, 0, 0, 0);\">.<\/span><\/p>\n<p>Pour de plus amples informations, veuillez communiquer avec l\u2019administrateur au <a href=\"tel:+18338520755\">1\u2011833\u2011852\u20110755<\/a>.<\/p>\n<\/div><\/div><\/div><\/div><\/div><\/p>\n","protected":false},"excerpt":{"rendered":"","protected":false},"author":4,"featured_media":0,"parent":0,"menu_order":0,"comment_status":"closed","ping_status":"closed","template":"100-width.php","meta":{"_acf_changed":false,"inline_featured_image":false,"footnotes":"","_links_to":"","_links_to_target":""},"wf_page_folders":[976,79,1024],"class_list":["post-22760","page","type-page","status-publish","hentry"],"acf":[],"yoast_head":"<!-- This site is optimized with the Yoast SEO plugin v27.2 - https:\/\/yoast.com\/product\/yoast-seo-wordpress\/ -->\n<title>Outil d\u2019information sur l\u2019admissibilit\u00e9 - First Nations Child and Family Services and Jordan\u2019s Principle Settlement<\/title>\n<meta name=\"description\" content=\"Vous pourriez \u00eatre admissible \u00e0 une indemnisation. Pour en savoir plus sur les conditions d\u2019admissibilit\u00e9, utilisez l\u2019outil d\u2019information sur l\u2019admissibilit\u00e9\" \/>\n<meta name=\"robots\" content=\"index, follow, max-snippet:-1, max-image-preview:large, max-video-preview:-1\" \/>\n<link rel=\"canonical\" href=\"https:\/\/fnchildclaims.ca\/fr\/oia\/\" \/>\n<meta property=\"og:locale\" content=\"fr_FR\" \/>\n<meta property=\"og:type\" content=\"article\" \/>\n<meta property=\"og:title\" content=\"Outil d&#039;information sur l&#039;admissibilit\u00e9 | First Nations Child &amp; Family Services &amp; Jordan\u2019s Principle Settlement\" \/>\n<meta property=\"og:description\" content=\"Vous pourriez \u00eatre admissible \u00e0 une indemnisation. Pour en savoir plus sur les conditions d\u2019admissibilit\u00e9, utilisez l\u2019outil d\u2019information sur l\u2019admissibilit\u00e9\" \/>\n<meta property=\"og:url\" content=\"https:\/\/fnchildclaims.ca\/fr\/oia\/\" \/>\n<meta property=\"og:site_name\" content=\"First Nations Child and Family Services and Jordan\u2019s Principle Settlement\" \/>\n<meta property=\"article:modified_time\" content=\"2025-09-10T16:01:07+00:00\" \/>\n<meta property=\"og:image\" content=\"https:\/\/fnchildclaims.ca\/wp-content\/uploads\/2025\/01\/Indigenous-Cultural-Context-1024x682.jpg\" \/>\n<meta name=\"twitter:card\" content=\"summary_large_image\" \/>\n<meta name=\"twitter:label1\" content=\"Dur\u00e9e de lecture estim\u00e9e\" \/>\n\t<meta name=\"twitter:data1\" content=\"5 minutes\" \/>\n<script type=\"application\/ld+json\" class=\"yoast-schema-graph\">{\"@context\":\"https:\/\/schema.org\",\"@graph\":[{\"@type\":\"WebPage\",\"@id\":\"https:\/\/fnchildclaims.ca\/fr\/oia\/\",\"url\":\"https:\/\/fnchildclaims.ca\/fr\/oia\/\",\"name\":\"Outil d\u2019information sur l\u2019admissibilit\u00e9 - First Nations Child and Family Services and Jordan\u2019s Principle Settlement\",\"isPartOf\":{\"@id\":\"https:\/\/fnchildclaims.ca\/#website\"},\"datePublished\":\"2025-08-18T18:49:59+00:00\",\"dateModified\":\"2025-09-10T16:01:07+00:00\",\"description\":\"Vous pourriez \u00eatre admissible \u00e0 une indemnisation. Pour en savoir plus sur les conditions d\u2019admissibilit\u00e9, utilisez l\u2019outil d\u2019information sur l\u2019admissibilit\u00e9\",\"breadcrumb\":{\"@id\":\"https:\/\/fnchildclaims.ca\/fr\/oia\/#breadcrumb\"},\"inLanguage\":\"fr-FR\",\"potentialAction\":[{\"@type\":\"ReadAction\",\"target\":[\"https:\/\/fnchildclaims.ca\/fr\/oia\/\"]}]},{\"@type\":\"BreadcrumbList\",\"@id\":\"https:\/\/fnchildclaims.ca\/fr\/oia\/#breadcrumb\",\"itemListElement\":[{\"@type\":\"ListItem\",\"position\":1,\"name\":\"Accueil\",\"item\":\"https:\/\/fnchildclaims.ca\/fr\/\"},{\"@type\":\"ListItem\",\"position\":2,\"name\":\"Outil d\u2019information sur l\u2019admissibilit\u00e9\"}]},{\"@type\":\"WebSite\",\"@id\":\"https:\/\/fnchildclaims.ca\/#website\",\"url\":\"https:\/\/fnchildclaims.ca\/\",\"name\":\"First Nations Child and Family Services and Jordan\u2019s Principle Settlement\",\"description\":\"\",\"potentialAction\":[{\"@type\":\"SearchAction\",\"target\":{\"@type\":\"EntryPoint\",\"urlTemplate\":\"https:\/\/fnchildclaims.ca\/?s={search_term_string}\"},\"query-input\":{\"@type\":\"PropertyValueSpecification\",\"valueRequired\":true,\"valueName\":\"search_term_string\"}}],\"inLanguage\":\"fr-FR\"}]}<\/script>\n<!-- \/ Yoast SEO plugin. -->","yoast_head_json":{"title":"Outil d\u2019information sur l\u2019admissibilit\u00e9 - First Nations Child and Family Services and Jordan\u2019s Principle Settlement","description":"Vous pourriez \u00eatre admissible \u00e0 une indemnisation. Pour en savoir plus sur les conditions d\u2019admissibilit\u00e9, utilisez l\u2019outil d\u2019information sur l\u2019admissibilit\u00e9","robots":{"index":"index","follow":"follow","max-snippet":"max-snippet:-1","max-image-preview":"max-image-preview:large","max-video-preview":"max-video-preview:-1"},"canonical":"https:\/\/fnchildclaims.ca\/fr\/oia\/","og_locale":"fr_FR","og_type":"article","og_title":"Outil d'information sur l'admissibilit\u00e9 | First Nations Child & Family Services & Jordan\u2019s Principle Settlement","og_description":"Vous pourriez \u00eatre admissible \u00e0 une indemnisation. Pour en savoir plus sur les conditions d\u2019admissibilit\u00e9, utilisez l\u2019outil d\u2019information sur l\u2019admissibilit\u00e9","og_url":"https:\/\/fnchildclaims.ca\/fr\/oia\/","og_site_name":"First Nations Child and Family Services and Jordan\u2019s Principle Settlement","article_modified_time":"2025-09-10T16:01:07+00:00","og_image":[{"url":"https:\/\/fnchildclaims.ca\/wp-content\/uploads\/2025\/01\/Indigenous-Cultural-Context-1024x682.jpg","type":"","width":"","height":""}],"twitter_card":"summary_large_image","twitter_misc":{"Dur\u00e9e de lecture estim\u00e9e":"5 minutes"},"schema":{"@context":"https:\/\/schema.org","@graph":[{"@type":"WebPage","@id":"https:\/\/fnchildclaims.ca\/fr\/oia\/","url":"https:\/\/fnchildclaims.ca\/fr\/oia\/","name":"Outil d\u2019information sur l\u2019admissibilit\u00e9 - First Nations Child and Family Services and Jordan\u2019s Principle Settlement","isPartOf":{"@id":"https:\/\/fnchildclaims.ca\/#website"},"datePublished":"2025-08-18T18:49:59+00:00","dateModified":"2025-09-10T16:01:07+00:00","description":"Vous pourriez \u00eatre admissible \u00e0 une indemnisation. Pour en savoir plus sur les conditions d\u2019admissibilit\u00e9, utilisez l\u2019outil d\u2019information sur l\u2019admissibilit\u00e9","breadcrumb":{"@id":"https:\/\/fnchildclaims.ca\/fr\/oia\/#breadcrumb"},"inLanguage":"fr-FR","potentialAction":[{"@type":"ReadAction","target":["https:\/\/fnchildclaims.ca\/fr\/oia\/"]}]},{"@type":"BreadcrumbList","@id":"https:\/\/fnchildclaims.ca\/fr\/oia\/#breadcrumb","itemListElement":[{"@type":"ListItem","position":1,"name":"Accueil","item":"https:\/\/fnchildclaims.ca\/fr\/"},{"@type":"ListItem","position":2,"name":"Outil d\u2019information sur l\u2019admissibilit\u00e9"}]},{"@type":"WebSite","@id":"https:\/\/fnchildclaims.ca\/#website","url":"https:\/\/fnchildclaims.ca\/","name":"First Nations Child and Family Services and Jordan\u2019s Principle Settlement","description":"","potentialAction":[{"@type":"SearchAction","target":{"@type":"EntryPoint","urlTemplate":"https:\/\/fnchildclaims.ca\/?s={search_term_string}"},"query-input":{"@type":"PropertyValueSpecification","valueRequired":true,"valueName":"search_term_string"}}],"inLanguage":"fr-FR"}]}},"_links":{"self":[{"href":"https:\/\/fnchildclaims.ca\/fr\/wp-json\/wp\/v2\/pages\/22760","targetHints":{"allow":["GET"]}}],"collection":[{"href":"https:\/\/fnchildclaims.ca\/fr\/wp-json\/wp\/v2\/pages"}],"about":[{"href":"https:\/\/fnchildclaims.ca\/fr\/wp-json\/wp\/v2\/types\/page"}],"author":[{"embeddable":true,"href":"https:\/\/fnchildclaims.ca\/fr\/wp-json\/wp\/v2\/users\/4"}],"replies":[{"embeddable":true,"href":"https:\/\/fnchildclaims.ca\/fr\/wp-json\/wp\/v2\/comments?post=22760"}],"version-history":[{"count":12,"href":"https:\/\/fnchildclaims.ca\/fr\/wp-json\/wp\/v2\/pages\/22760\/revisions"}],"predecessor-version":[{"id":22786,"href":"https:\/\/fnchildclaims.ca\/fr\/wp-json\/wp\/v2\/pages\/22760\/revisions\/22786"}],"wp:attachment":[{"href":"https:\/\/fnchildclaims.ca\/fr\/wp-json\/wp\/v2\/media?parent=22760"}],"wp:term":[{"taxonomy":"wf_page_folders","embeddable":true,"href":"https:\/\/fnchildclaims.ca\/fr\/wp-json\/wp\/v2\/wf_page_folders?post=22760"}],"curies":[{"name":"wp","href":"https:\/\/api.w.org\/{rel}","templated":true}]}}