{"id":16036,"date":"2025-02-28T23:37:43","date_gmt":"2025-02-28T23:37:43","guid":{"rendered":"https:\/\/fnchildclaims.ca\/indemnisation\/informations-financieres\/"},"modified":"2026-01-07T21:41:29","modified_gmt":"2026-01-07T21:41:29","slug":"if","status":"publish","type":"page","link":"https:\/\/fnchildclaims.ca\/fr\/indemnisation\/if\/","title":{"rendered":"Informations financi\u00e8res et ressources"},"content":{"rendered":"<p><div class=\"fusion-fullwidth fullwidth-box fusion-builder-row-1 fusion-flex-container has-pattern-background has-mask-background nonhundred-percent-fullwidth non-hundred-percent-height-scrolling\" style=\"--awb-border-radius-top-left:0px;--awb-border-radius-top-right:0px;--awb-border-radius-bottom-right:0px;--awb-border-radius-bottom-left:0px;--awb-background-color:#fbf5cb;\" ><div class=\"fusion-builder-row fusion-row fusion-flex-align-items-center\" style=\"max-width:1216.8px;margin-left: calc(-4% \/ 2 );margin-right: calc(-4% \/ 2 );\"><div class=\"fusion-layout-column fusion_builder_column fusion-builder-column-0 fusion-flex-column yellow-alert fusion-no-small-visibility\" style=\"--awb-padding-right-small:5px;--awb-padding-left-small:5px;--awb-bg-size:cover;--awb-width-large:6%;--awb-margin-top-large:0px;--awb-spacing-right-large:0px;--awb-margin-bottom-large:0px;--awb-spacing-left-large:32%;--awb-width-medium:16.666666666667%;--awb-order-medium:0;--awb-spacing-right-medium:0px;--awb-spacing-left-medium:11.52%;--awb-width-small:16.666666666667%;--awb-order-small:0;--awb-spacing-right-small:43px;--awb-spacing-left-small:11.52%;\" data-motion-effects=\"[{&quot;type&quot;:&quot;&quot;,&quot;scroll_type&quot;:&quot;transition&quot;,&quot;scroll_direction&quot;:&quot;up&quot;,&quot;transition_speed&quot;:&quot;1&quot;,&quot;fade_type&quot;:&quot;in&quot;,&quot;scale_type&quot;:&quot;up&quot;,&quot;initial_scale&quot;:&quot;1&quot;,&quot;max_scale&quot;:&quot;1.5&quot;,&quot;min_scale&quot;:&quot;0.5&quot;,&quot;initial_rotate&quot;:&quot;0&quot;,&quot;end_rotate&quot;:&quot;30&quot;,&quot;initial_blur&quot;:&quot;0&quot;,&quot;end_blur&quot;:&quot;3&quot;,&quot;start_element&quot;:&quot;top&quot;,&quot;start_viewport&quot;:&quot;bottom&quot;,&quot;end_element&quot;:&quot;bottom&quot;,&quot;end_viewport&quot;:&quot;top&quot;,&quot;mouse_effect&quot;:&quot;track&quot;,&quot;mouse_effect_direction&quot;:&quot;opposite&quot;,&quot;mouse_effect_speed&quot;:&quot;2&quot;,&quot;infinite_animation&quot;:&quot;float&quot;,&quot;infinite_animation_speed&quot;:&quot;2&quot;}]\" data-scroll-devices=\"small-visibility,medium-visibility,large-visibility\"><div class=\"fusion-column-wrapper fusion-column-has-shadow fusion-flex-justify-content-flex-start fusion-content-layout-column\"><i class=\"fb-icon-element-1 fb-icon-element fontawesome-icon fa-exclamation fas circle-yes fusion-text-flow\" style=\"--awb-iconcolor:var(--awb-custom_color_3);--awb-iconcolor-hover:var(--awb-custom_color_3);--awb-circlecolor:var(--awb-color5);--awb-circlecolor-hover:var(--awb-color5);--awb-circlebordercolor:var(--awb-color5);--awb-circlebordercolor-hover:var(--awb-color5);--awb-circlebordersize:0px;--awb-font-size:28.16px;--awb-width:56.32px;--awb-height:56.32px;--awb-line-height:56.32px;--awb-margin-right:16px;\"><\/i><\/div><\/div><div class=\"fusion-layout-column fusion_builder_column fusion-builder-column-1 fusion_builder_column_5_6 5_6 fusion-flex-column\" style=\"--awb-bg-size:cover;--awb-width-large:83.333333333333%;--awb-margin-top-large:0px;--awb-spacing-right-large:2.304%;--awb-margin-bottom-large:0px;--awb-spacing-left-large:2.304%;--awb-width-medium:100%;--awb-order-medium:0;--awb-spacing-right-medium:1.92%;--awb-spacing-left-medium:1.92%;--awb-width-small:100%;--awb-order-small:0;--awb-spacing-right-small:1.92%;--awb-spacing-left-small:1.92%;\"><div class=\"fusion-column-wrapper fusion-column-has-shadow fusion-flex-justify-content-flex-start fusion-content-layout-column\"><div class=\"fusion-text fusion-text-1 fusion-text-no-margin\" style=\"--awb-margin-top:20px;--awb-margin-bottom:20px;--awb-text-font-family:var(--awb-typography5-font-family);--awb-text-font-weight:var(--awb-typography5-font-weight);--awb-text-font-style:var(--awb-typography5-font-style);\"><p><strong>AVERTISSEMENT CONTRE LA FRAUDE : <\/strong>Vous pouvez utiliser votre indemnit\u00e9 de la mani\u00e8re qui correspond le mieux \u00e0 vos objectifs, \u00e0 vos traditions et \u00e0 vos valeurs. M\u00e9fiez-vous des frais inattendus, des escrocs et m\u00eame des personnes de votre entourage qui pourraient ne pas comprendre vos besoins ou vos limites.  Apprenez-en davantage sur la fa\u00e7on dont vous pouvez vous prot\u00e9ger et prot\u00e9ger votre indemnisation.<\/p>\n<\/div><\/div><\/div><\/div><\/div><div class=\"fusion-fullwidth fullwidth-box fusion-builder-row-2 fusion-flex-container has-pattern-background has-mask-background not-to-print nonhundred-percent-fullwidth non-hundred-percent-height-scrolling\" style=\"--awb-border-radius-top-left:0px;--awb-border-radius-top-right:0px;--awb-border-radius-bottom-right:0px;--awb-border-radius-bottom-left:0px;--awb-padding-top:20px;--awb-padding-right-small:10px;--awb-padding-left-small:10px;\" ><div class=\"fusion-builder-row fusion-row fusion-flex-align-items-flex-start\" style=\"max-width:1216.8px;margin-left: calc(-4% \/ 2 );margin-right: calc(-4% \/ 2 );\"><div class=\"fusion-layout-column fusion_builder_column fusion-builder-column-2 fusion_builder_column_1_1 1_1 fusion-flex-column\" style=\"--awb-bg-size:cover;--awb-width-large:100%;--awb-margin-top-large:0px;--awb-spacing-right-large:1.92%;--awb-margin-bottom-large:0px;--awb-spacing-left-large:1.92%;--awb-width-medium:100%;--awb-order-medium:0;--awb-spacing-right-medium:1.92%;--awb-spacing-left-medium:1.92%;--awb-width-small:100%;--awb-order-small:0;--awb-spacing-right-small:1.92%;--awb-spacing-left-small:1.92%;\"><div class=\"fusion-column-wrapper fusion-column-has-shadow fusion-flex-justify-content-flex-start fusion-content-layout-column\"><div class=\"fusion-breadcrumbs awb-yoast-breadcrumbs fusion-breadcrumbs-1\"><span><span><a href=\"https:\/\/fnchildclaims.ca\/fr\/\">Accueil<\/a><\/span><\/span><\/div><\/div><\/div><\/div><\/div><div class=\"fusion-fullwidth fullwidth-box fusion-builder-row-3 fusion-flex-container has-pattern-background has-mask-background not-to-print nonhundred-percent-fullwidth non-hundred-percent-height-scrolling\" style=\"--awb-background-position:right center;--awb-border-radius-top-left:0px;--awb-border-radius-top-right:0px;--awb-border-radius-bottom-right:0px;--awb-border-radius-bottom-left:0px;--awb-padding-top:0px;--awb-padding-bottom:40px;--awb-background-size:contain;\" ><div class=\"fusion-builder-row fusion-row fusion-flex-align-items-flex-start\" style=\"max-width:1216.8px;margin-left: calc(-4% \/ 2 );margin-right: calc(-4% \/ 2 );\"><div class=\"fusion-layout-column fusion_builder_column fusion-builder-column-3 fusion_builder_column_1_1 1_1 fusion-flex-column\" style=\"--awb-padding-top:26px;--awb-bg-size:cover;--awb-width-large:100%;--awb-margin-top-large:0px;--awb-spacing-right-large:1.92%;--awb-margin-bottom-large:0px;--awb-spacing-left-large:1.92%;--awb-width-medium:100%;--awb-order-medium:0;--awb-spacing-right-medium:1.92%;--awb-spacing-left-medium:1.92%;--awb-width-small:100%;--awb-order-small:0;--awb-spacing-right-small:1.92%;--awb-spacing-left-small:1.92%;\" data-motion-effects=\"[{&quot;type&quot;:&quot;&quot;,&quot;scroll_type&quot;:&quot;transition&quot;,&quot;scroll_direction&quot;:&quot;up&quot;,&quot;transition_speed&quot;:&quot;1&quot;,&quot;fade_type&quot;:&quot;in&quot;,&quot;scale_type&quot;:&quot;up&quot;,&quot;initial_scale&quot;:&quot;1&quot;,&quot;max_scale&quot;:&quot;1.5&quot;,&quot;min_scale&quot;:&quot;0.5&quot;,&quot;initial_rotate&quot;:&quot;0&quot;,&quot;end_rotate&quot;:&quot;30&quot;,&quot;initial_blur&quot;:&quot;0&quot;,&quot;end_blur&quot;:&quot;3&quot;,&quot;start_element&quot;:&quot;top&quot;,&quot;start_viewport&quot;:&quot;bottom&quot;,&quot;end_element&quot;:&quot;bottom&quot;,&quot;end_viewport&quot;:&quot;top&quot;,&quot;mouse_effect&quot;:&quot;track&quot;,&quot;mouse_effect_direction&quot;:&quot;opposite&quot;,&quot;mouse_effect_speed&quot;:&quot;2&quot;,&quot;infinite_animation&quot;:&quot;float&quot;,&quot;infinite_animation_speed&quot;:&quot;2&quot;}]\" data-scroll-devices=\"small-visibility,medium-visibility,large-visibility\"><div class=\"fusion-column-wrapper fusion-column-has-shadow fusion-flex-justify-content-flex-start fusion-content-layout-column\"><div class=\"fusion-text fusion-text-2\" style=\"--awb-font-size:24px;--awb-line-height:36px;--awb-text-font-family:var(--awb-typography3-font-family);--awb-text-font-weight:var(--awb-typography3-font-weight);--awb-text-font-style:var(--awb-typography3-font-style);\"><p>G\u00e9rer l\u2019argent de votre indemnisation est une \u00e9tape importante de votre parcours. Obtenez des conseils pour vous aider \u00e0 prendre des d\u00e9cisions \u00e9clair\u00e9es et \u00e0 vous prot\u00e9ger contre les fraudes et pour \u00eatre mis en contact avec des ressources et des soutiens mis gratuitement \u00e0 votre disposition.<\/p>\n<\/div><\/div><\/div><div class=\"fusion-layout-column fusion_builder_column fusion-builder-column-4 fusion_builder_column_1_3 1_3 fusion-flex-column fusion-flex-align-self-stretch\" style=\"--awb-padding-right:10px;--awb-padding-left:10px;--awb-bg-color:var(--awb-custom_color_2);--awb-bg-color-hover:rgba(252,246,227,0.93);--awb-bg-size:cover;--awb-border-color:var(--awb-color6);--awb-border-bottom:4px;--awb-border-style:dotted;--awb-width-large:33.333333333333%;--awb-margin-top-large:0px;--awb-spacing-right-large:0%;--awb-margin-bottom-large:0px;--awb-spacing-left-large:5.76%;--awb-width-medium:100%;--awb-order-medium:0;--awb-spacing-right-medium:1.92%;--awb-spacing-left-medium:1.92%;--awb-width-small:100%;--awb-order-small:0;--awb-spacing-right-small:1.92%;--awb-margin-bottom-small:20px;--awb-spacing-left-small:1.92%;\"><div class=\"fusion-column-wrapper fusion-column-has-shadow fusion-flex-justify-content-center fusion-content-layout-column\"><div class=\"fusion-title title fusion-title-1 fusion-sep-none fusion-title-text fusion-title-size-two\" style=\"--awb-font-size:35px;\"><h2 class=\"title-heading-left fusion-responsive-typography-calculated\" style=\"margin:0;font-size:1em;text-transform:none;--fontSize:35;line-height:1.4;\"><a href=\"https:\/\/fnchildclaims.ca\/fr\/indemnisation\/if\/vous-preparer\/\">Vous pr\u00e9parer pour votre indemnisation<\/a><\/h2><\/div><div class=\"fusion-text fusion-text-3\"><p>Conseils et outils pour vous aider \u00e0 r\u00e9fl\u00e9chir \u00e0 la fa\u00e7on d\u2019utiliser votre indemnisation en fonction de vos objectifs et vos priorit\u00e9s.<\/p>\n<\/div><\/div><\/div><div class=\"fusion-layout-column fusion_builder_column fusion-builder-column-5 fusion_builder_column_1_3 1_3 fusion-flex-column fusion-flex-align-self-stretch\" style=\"--awb-padding-right:10px;--awb-padding-bottom:10px;--awb-padding-left:10px;--awb-bg-color:var(--awb-custom_color_2);--awb-bg-color-hover:rgba(252,246,227,0.93);--awb-bg-size:cover;--awb-border-color:var(--awb-color6);--awb-border-top:0;--awb-border-right:0;--awb-border-bottom:4px;--awb-border-left:0;--awb-border-style:dotted;--awb-width-large:33.333333333333%;--awb-margin-top-large:0px;--awb-spacing-right-large:0%;--awb-margin-bottom-large:0px;--awb-spacing-left-large:5.76%;--awb-width-medium:100%;--awb-order-medium:0;--awb-spacing-right-medium:1.92%;--awb-spacing-left-medium:1.92%;--awb-width-small:100%;--awb-order-small:0;--awb-spacing-right-small:1.92%;--awb-margin-bottom-small:20px;--awb-spacing-left-small:1.92%;\"><div class=\"fusion-column-wrapper fusion-column-has-shadow fusion-flex-justify-content-center fusion-content-layout-column\"><div class=\"fusion-title title fusion-title-2 fusion-sep-none fusion-title-text fusion-title-size-two\" style=\"--awb-font-size:35px;\"><h2 class=\"title-heading-left fusion-responsive-typography-calculated\" style=\"margin:0;font-size:1em;text-transform:none;--fontSize:35;line-height:1.4;\"><a href=\"https:\/\/fnchildclaims.ca\/fr\/paiements-mensuels\/\">Paiements mensuels<\/a><\/h2><\/div><div class=\"fusion-text fusion-text-4\"><p>Renseignez-vous sur l\u2019option de paiements mensuels gr\u00e2ce \u00e0 un type de placement appel\u00e9 certificat de placement garanti (CPG). Apprenez-en davantage sur son fonctionnement et sur les personnes qui peuvent se pr\u00e9valoir de cette option.<\/p>\n<\/div><\/div><\/div><div class=\"fusion-layout-column fusion_builder_column fusion-builder-column-6 fusion_builder_column_1_3 1_3 fusion-flex-column fusion-flex-align-self-stretch\" style=\"--awb-padding-right:10px;--awb-padding-bottom:10px;--awb-padding-left:10px;--awb-bg-color:var(--awb-custom_color_2);--awb-bg-color-hover:rgba(252,246,227,0.93);--awb-bg-size:cover;--awb-border-color:var(--awb-color6);--awb-border-top:0;--awb-border-right:0;--awb-border-bottom:4px;--awb-border-left:0;--awb-border-style:dotted;--awb-width-large:33.333333333333%;--awb-margin-top-large:0px;--awb-spacing-right-large:0%;--awb-margin-bottom-large:0px;--awb-spacing-left-large:5.76%;--awb-width-medium:100%;--awb-order-medium:0;--awb-spacing-right-medium:1.92%;--awb-spacing-left-medium:1.92%;--awb-width-small:100%;--awb-order-small:0;--awb-spacing-right-small:1.92%;--awb-spacing-left-small:1.92%;\"><div class=\"fusion-column-wrapper fusion-column-has-shadow fusion-flex-justify-content-center fusion-content-layout-column\"><div class=\"fusion-title title fusion-title-3 fusion-sep-none fusion-title-text fusion-title-size-two\" style=\"--awb-font-size:35px;\"><h2 class=\"title-heading-left fusion-responsive-typography-calculated\" style=\"margin:0;font-size:1em;text-transform:none;--fontSize:35;line-height:1.4;\"><a href=\"https:\/\/fnchildclaims.ca\/fr\/indemnisation\/if\/imposition-prestations-sociales\/\">Imposition et avantages sociaux<\/a><\/h2><\/div><div class=\"fusion-text fusion-text-5\"><p>Comprenez de quelle fa\u00e7on votre indemnisation peut avoir des r\u00e9percussions fiscales sur vos imp\u00f4ts ou vos avantages sociaux et o\u00f9 trouver des conseils fiables.<\/p>\n<\/div><\/div><\/div><div class=\"fusion-layout-column fusion_builder_column fusion-builder-column-7 fusion_builder_column_1_3 1_3 fusion-flex-column fusion-flex-align-self-stretch\" style=\"--awb-padding-right:10px;--awb-padding-bottom:10px;--awb-padding-left:10px;--awb-bg-color:var(--awb-custom_color_2);--awb-bg-color-hover:rgba(252,246,227,0.93);--awb-bg-size:cover;--awb-border-color:var(--awb-color6);--awb-border-top:0;--awb-border-right:0;--awb-border-bottom:4px;--awb-border-left:0;--awb-border-style:dotted;--awb-width-large:33.333333333333%;--awb-margin-top-large:20px;--awb-spacing-right-large:0%;--awb-margin-bottom-large:0px;--awb-spacing-left-large:5.76%;--awb-width-medium:100%;--awb-order-medium:0;--awb-spacing-right-medium:1.92%;--awb-spacing-left-medium:1.92%;--awb-width-small:100%;--awb-order-small:0;--awb-spacing-right-small:1.92%;--awb-spacing-left-small:1.92%;\"><div class=\"fusion-column-wrapper fusion-column-has-shadow fusion-flex-justify-content-center fusion-content-layout-column\"><div class=\"fusion-title title fusion-title-4 fusion-sep-none fusion-title-text fusion-title-size-two\" style=\"--awb-font-size:35px;\"><h2 class=\"title-heading-left fusion-responsive-typography-calculated\" style=\"margin:0;font-size:1em;text-transform:none;--fontSize:35;line-height:1.4;\"><a href=\"https:\/\/fnchildclaims.ca\/fr\/indemnisation\/if\/comptes\/\">Comptes financiers<\/a><\/h2><\/div><div class=\"fusion-text fusion-text-6\"><p>Renseignez-vous sur\u202fles options pour g\u00e9rer l\u2019argent de votre indemnisation, y compris sur les diff\u00e9rents types de comptes bancaires et les moyens s\u00e9curitaires d\u2019\u00e9pargner.<\/p>\n<\/div><\/div><\/div><div class=\"fusion-layout-column fusion_builder_column fusion-builder-column-8 fusion_builder_column_1_3 1_3 fusion-flex-column fusion-flex-align-self-stretch\" style=\"--awb-padding-right:10px;--awb-padding-bottom:10px;--awb-padding-left:10px;--awb-bg-color:var(--awb-custom_color_2);--awb-bg-color-hover:rgba(252,246,227,0.93);--awb-bg-size:cover;--awb-border-color:var(--awb-color6);--awb-border-top:0;--awb-border-right:0;--awb-border-bottom:4px;--awb-border-left:0;--awb-border-style:dotted;--awb-width-large:33.333333333333%;--awb-margin-top-large:20px;--awb-spacing-right-large:0%;--awb-margin-bottom-large:0px;--awb-spacing-left-large:5.76%;--awb-width-medium:100%;--awb-order-medium:0;--awb-spacing-right-medium:1.92%;--awb-spacing-left-medium:1.92%;--awb-width-small:100%;--awb-order-small:0;--awb-spacing-right-small:1.92%;--awb-spacing-left-small:1.92%;\"><div class=\"fusion-column-wrapper fusion-column-has-shadow fusion-flex-justify-content-center fusion-content-layout-column\"><div class=\"fusion-title title fusion-title-5 fusion-sep-none fusion-title-text fusion-title-size-two\" style=\"--awb-font-size:35px;\"><h2 class=\"title-heading-left fusion-responsive-typography-calculated\" style=\"margin:0;font-size:1em;text-transform:none;--fontSize:35;line-height:1.4;\"><a href=\"https:\/\/fnchildclaims.ca\/fr\/indemnisation\/if\/proteger\/\">Prot\u00e9ger l\u2019argent de votre indemnit\u00e9 <\/a><\/h2><\/div><div class=\"fusion-text fusion-text-7\"><p>Des ressources pour vous aider \u00e0 prot\u00e9ger votre indemnit\u00e9 et \u00e0 g\u00e9rer votre argent en toute confiance et en toute s\u00e9curit\u00e9.<\/p>\n<\/div><\/div><\/div><\/div><\/div><\/p>\n","protected":false},"excerpt":{"rendered":"","protected":false},"author":4,"featured_media":0,"parent":16009,"menu_order":0,"comment_status":"closed","ping_status":"closed","template":"100-width.php","meta":{"_acf_changed":false,"inline_featured_image":false,"footnotes":"","_links_to":"","_links_to_target":""},"wf_page_folders":[976,79],"class_list":["post-16036","page","type-page","status-publish","hentry"],"acf":[],"yoast_head":"<!-- This site is optimized with the Yoast SEO plugin v27.2 - https:\/\/yoast.com\/product\/yoast-seo-wordpress\/ -->\n<title>Informations financi\u00e8res et ressources - First Nations Child and Family Services and Jordan\u2019s Principle Settlement<\/title>\n<meta name=\"description\" content=\"Conseils pour g\u00e9rer votre indemnit\u00e9, \u00e9viter les arnaques et explorer des outils s\u00fbrs comme les CIG, les comptes bancaires, les imp\u00f4ts et les soutiens.\" \/>\n<meta name=\"robots\" content=\"index, follow, max-snippet:-1, max-image-preview:large, max-video-preview:-1\" \/>\n<link rel=\"canonical\" href=\"https:\/\/fnchildclaims.ca\/fr\/indemnisation\/if\/\" \/>\n<meta property=\"og:locale\" content=\"fr_FR\" \/>\n<meta property=\"og:type\" content=\"article\" \/>\n<meta property=\"og:title\" content=\"Informations financi\u00e8res et ressources | R\u00e8glement relatif aux services \u00e0 l\u2019enfance et \u00e0 la famille des Premi\u00e8res Nations et au principe de Jordan\" \/>\n<meta property=\"og:description\" content=\"Obtenez des conseils et des ressources pour planifier l\u2019utilisation de votre indemnisation. Apprenez \u00e0 g\u00e9rer votre argent et acc\u00e9der aux soutiens disponibles.\" \/>\n<meta property=\"og:url\" content=\"https:\/\/fnchildclaims.ca\/fr\/indemnisation\/if\/\" \/>\n<meta property=\"og:site_name\" content=\"First Nations Child and Family Services and Jordan\u2019s Principle Settlement\" \/>\n<meta property=\"article:modified_time\" content=\"2026-01-07T21:41:29+00:00\" \/>\n<meta name=\"twitter:card\" content=\"summary_large_image\" \/>\n<meta name=\"twitter:label1\" content=\"Dur\u00e9e de lecture estim\u00e9e\" \/>\n\t<meta name=\"twitter:data1\" content=\"10 minutes\" \/>\n<script type=\"application\/ld+json\" class=\"yoast-schema-graph\">{\"@context\":\"https:\/\/schema.org\",\"@graph\":[{\"@type\":\"WebPage\",\"@id\":\"https:\/\/fnchildclaims.ca\/fr\/indemnisation\/if\/\",\"url\":\"https:\/\/fnchildclaims.ca\/fr\/indemnisation\/if\/\",\"name\":\"Informations financi\u00e8res et ressources - First Nations Child and Family Services and Jordan\u2019s Principle Settlement\",\"isPartOf\":{\"@id\":\"https:\/\/fnchildclaims.ca\/#website\"},\"datePublished\":\"2025-02-28T23:37:43+00:00\",\"dateModified\":\"2026-01-07T21:41:29+00:00\",\"description\":\"Conseils pour g\u00e9rer votre indemnit\u00e9, \u00e9viter les arnaques et explorer des outils s\u00fbrs comme les CIG, les comptes bancaires, les imp\u00f4ts et les soutiens.\",\"breadcrumb\":{\"@id\":\"https:\/\/fnchildclaims.ca\/fr\/indemnisation\/if\/#breadcrumb\"},\"inLanguage\":\"fr-FR\",\"potentialAction\":[{\"@type\":\"ReadAction\",\"target\":[\"https:\/\/fnchildclaims.ca\/fr\/indemnisation\/if\/\"]}]},{\"@type\":\"BreadcrumbList\",\"@id\":\"https:\/\/fnchildclaims.ca\/fr\/indemnisation\/if\/#breadcrumb\",\"itemListElement\":[{\"@type\":\"ListItem\",\"position\":1,\"name\":\"Accueil\",\"item\":\"https:\/\/fnchildclaims.ca\/fr\/\"},{\"@type\":\"ListItem\",\"position\":2,\"name\":\"Indemnisation\",\"item\":\"https:\/\/fnchildclaims.ca\/fr\/indemnisation\/\"},{\"@type\":\"ListItem\",\"position\":3,\"name\":\"Informations financi\u00e8res et ressources\"}]},{\"@type\":\"WebSite\",\"@id\":\"https:\/\/fnchildclaims.ca\/#website\",\"url\":\"https:\/\/fnchildclaims.ca\/\",\"name\":\"First Nations Child and Family Services and Jordan\u2019s Principle Settlement\",\"description\":\"\",\"potentialAction\":[{\"@type\":\"SearchAction\",\"target\":{\"@type\":\"EntryPoint\",\"urlTemplate\":\"https:\/\/fnchildclaims.ca\/?s={search_term_string}\"},\"query-input\":{\"@type\":\"PropertyValueSpecification\",\"valueRequired\":true,\"valueName\":\"search_term_string\"}}],\"inLanguage\":\"fr-FR\"}]}<\/script>\n<!-- \/ Yoast SEO plugin. -->","yoast_head_json":{"title":"Informations financi\u00e8res et ressources - First Nations Child and Family Services and Jordan\u2019s Principle Settlement","description":"Conseils pour g\u00e9rer votre indemnit\u00e9, \u00e9viter les arnaques et explorer des outils s\u00fbrs comme les CIG, les comptes bancaires, les imp\u00f4ts et les soutiens.","robots":{"index":"index","follow":"follow","max-snippet":"max-snippet:-1","max-image-preview":"max-image-preview:large","max-video-preview":"max-video-preview:-1"},"canonical":"https:\/\/fnchildclaims.ca\/fr\/indemnisation\/if\/","og_locale":"fr_FR","og_type":"article","og_title":"Informations financi\u00e8res et ressources | R\u00e8glement relatif aux services \u00e0 l\u2019enfance et \u00e0 la famille des Premi\u00e8res Nations et au principe de Jordan","og_description":"Obtenez des conseils et des ressources pour planifier l\u2019utilisation de votre indemnisation. Apprenez \u00e0 g\u00e9rer votre argent et acc\u00e9der aux soutiens disponibles.","og_url":"https:\/\/fnchildclaims.ca\/fr\/indemnisation\/if\/","og_site_name":"First Nations Child and Family Services and Jordan\u2019s Principle Settlement","article_modified_time":"2026-01-07T21:41:29+00:00","twitter_card":"summary_large_image","twitter_misc":{"Dur\u00e9e de lecture estim\u00e9e":"10 minutes"},"schema":{"@context":"https:\/\/schema.org","@graph":[{"@type":"WebPage","@id":"https:\/\/fnchildclaims.ca\/fr\/indemnisation\/if\/","url":"https:\/\/fnchildclaims.ca\/fr\/indemnisation\/if\/","name":"Informations financi\u00e8res et ressources - First Nations Child and Family Services and Jordan\u2019s Principle Settlement","isPartOf":{"@id":"https:\/\/fnchildclaims.ca\/#website"},"datePublished":"2025-02-28T23:37:43+00:00","dateModified":"2026-01-07T21:41:29+00:00","description":"Conseils pour g\u00e9rer votre indemnit\u00e9, \u00e9viter les arnaques et explorer des outils s\u00fbrs comme les CIG, les comptes bancaires, les imp\u00f4ts et les soutiens.","breadcrumb":{"@id":"https:\/\/fnchildclaims.ca\/fr\/indemnisation\/if\/#breadcrumb"},"inLanguage":"fr-FR","potentialAction":[{"@type":"ReadAction","target":["https:\/\/fnchildclaims.ca\/fr\/indemnisation\/if\/"]}]},{"@type":"BreadcrumbList","@id":"https:\/\/fnchildclaims.ca\/fr\/indemnisation\/if\/#breadcrumb","itemListElement":[{"@type":"ListItem","position":1,"name":"Accueil","item":"https:\/\/fnchildclaims.ca\/fr\/"},{"@type":"ListItem","position":2,"name":"Indemnisation","item":"https:\/\/fnchildclaims.ca\/fr\/indemnisation\/"},{"@type":"ListItem","position":3,"name":"Informations financi\u00e8res et ressources"}]},{"@type":"WebSite","@id":"https:\/\/fnchildclaims.ca\/#website","url":"https:\/\/fnchildclaims.ca\/","name":"First Nations Child and Family Services and Jordan\u2019s Principle Settlement","description":"","potentialAction":[{"@type":"SearchAction","target":{"@type":"EntryPoint","urlTemplate":"https:\/\/fnchildclaims.ca\/?s={search_term_string}"},"query-input":{"@type":"PropertyValueSpecification","valueRequired":true,"valueName":"search_term_string"}}],"inLanguage":"fr-FR"}]}},"_links":{"self":[{"href":"https:\/\/fnchildclaims.ca\/fr\/wp-json\/wp\/v2\/pages\/16036","targetHints":{"allow":["GET"]}}],"collection":[{"href":"https:\/\/fnchildclaims.ca\/fr\/wp-json\/wp\/v2\/pages"}],"about":[{"href":"https:\/\/fnchildclaims.ca\/fr\/wp-json\/wp\/v2\/types\/page"}],"author":[{"embeddable":true,"href":"https:\/\/fnchildclaims.ca\/fr\/wp-json\/wp\/v2\/users\/4"}],"replies":[{"embeddable":true,"href":"https:\/\/fnchildclaims.ca\/fr\/wp-json\/wp\/v2\/comments?post=16036"}],"version-history":[{"count":34,"href":"https:\/\/fnchildclaims.ca\/fr\/wp-json\/wp\/v2\/pages\/16036\/revisions"}],"predecessor-version":[{"id":23864,"href":"https:\/\/fnchildclaims.ca\/fr\/wp-json\/wp\/v2\/pages\/16036\/revisions\/23864"}],"up":[{"embeddable":true,"href":"https:\/\/fnchildclaims.ca\/fr\/wp-json\/wp\/v2\/pages\/16009"}],"wp:attachment":[{"href":"https:\/\/fnchildclaims.ca\/fr\/wp-json\/wp\/v2\/media?parent=16036"}],"wp:term":[{"taxonomy":"wf_page_folders","embeddable":true,"href":"https:\/\/fnchildclaims.ca\/fr\/wp-json\/wp\/v2\/wf_page_folders?post=16036"}],"curies":[{"name":"wp","href":"https:\/\/api.w.org\/{rel}","templated":true}]}}