{"id":10058,"date":"2024-08-01T21:07:54","date_gmt":"2024-08-01T21:07:54","guid":{"rendered":"https:\/\/fnchildclaims.ca\/?page_id=10058"},"modified":"2025-06-16T23:11:46","modified_gmt":"2025-06-16T23:11:46","slug":"lignes-directrices-pour-la-communaute-des-medias-sociaux","status":"publish","type":"page","link":"https:\/\/fnchildclaims.ca\/fr\/lignes-directrices-pour-la-communaute-des-medias-sociaux\/","title":{"rendered":"Lignes directrices pour la communaut\u00e9 des m\u00e9dias sociaux"},"content":{"rendered":"<p><div class=\"fusion-fullwidth fullwidth-box fusion-builder-row-1 fusion-flex-container has-pattern-background has-mask-background nonhundred-percent-fullwidth non-hundred-percent-height-scrolling\" style=\"--awb-border-radius-top-left:0px;--awb-border-radius-top-right:0px;--awb-border-radius-bottom-right:0px;--awb-border-radius-bottom-left:0px;--awb-padding-top:20px;--awb-padding-bottom:20px;\" ><div class=\"fusion-builder-row fusion-row fusion-flex-align-items-flex-start\" style=\"max-width:1216.8px;margin-left: calc(-4% \/ 2 );margin-right: calc(-4% \/ 2 );\"><div class=\"fusion-layout-column fusion_builder_column fusion-builder-column-0 fusion_builder_column_1_1 1_1 fusion-flex-column\" style=\"--awb-bg-size:cover;--awb-width-large:100%;--awb-margin-top-large:0px;--awb-spacing-right-large:1.92%;--awb-margin-bottom-large:0px;--awb-spacing-left-large:1.92%;--awb-width-medium:100%;--awb-order-medium:0;--awb-spacing-right-medium:1.92%;--awb-spacing-left-medium:1.92%;--awb-width-small:100%;--awb-order-small:0;--awb-spacing-right-small:1.92%;--awb-spacing-left-small:1.92%;\"><div class=\"fusion-column-wrapper fusion-column-has-shadow fusion-flex-justify-content-flex-start fusion-content-layout-column\"><div class=\"fusion-breadcrumbs awb-yoast-breadcrumbs fusion-breadcrumbs-1\"><span><span><a href=\"https:\/\/fnchildclaims.ca\/fr\/\">Accueil<\/a><\/span><\/span><\/div><\/div><\/div><\/div><\/div><div class=\"fusion-fullwidth fullwidth-box fusion-builder-row-2 fusion-flex-container nonhundred-percent-fullwidth non-hundred-percent-height-scrolling\" style=\"--awb-border-radius-top-left:0px;--awb-border-radius-top-right:0px;--awb-border-radius-bottom-right:0px;--awb-border-radius-bottom-left:0px;\" ><div class=\"fusion-builder-row fusion-row fusion-flex-align-items-flex-start\" style=\"max-width:1216.8px;margin-left: calc(-4% \/ 2 );margin-right: calc(-4% \/ 2 );\"><div class=\"fusion-layout-column fusion_builder_column fusion-builder-column-1 fusion_builder_column_1_1 1_1 fusion-flex-column\" style=\"--awb-padding-bottom:20px;--awb-bg-blend:overlay;--awb-bg-size:cover;--awb-width-large:100%;--awb-margin-top-large:0px;--awb-spacing-right-large:1.92%;--awb-margin-bottom-large:0px;--awb-spacing-left-large:1.92%;--awb-width-medium:100%;--awb-order-medium:0;--awb-spacing-right-medium:1.92%;--awb-spacing-left-medium:1.92%;--awb-width-small:100%;--awb-order-small:0;--awb-spacing-right-small:1.92%;--awb-spacing-left-small:1.92%;\" data-motion-effects=\"[{&quot;type&quot;:&quot;&quot;,&quot;scroll_type&quot;:&quot;transition&quot;,&quot;scroll_direction&quot;:&quot;up&quot;,&quot;transition_speed&quot;:&quot;1&quot;,&quot;fade_type&quot;:&quot;in&quot;,&quot;scale_type&quot;:&quot;up&quot;,&quot;initial_scale&quot;:&quot;1&quot;,&quot;max_scale&quot;:&quot;1.5&quot;,&quot;min_scale&quot;:&quot;0.5&quot;,&quot;initial_rotate&quot;:&quot;0&quot;,&quot;end_rotate&quot;:&quot;30&quot;,&quot;initial_blur&quot;:&quot;0&quot;,&quot;end_blur&quot;:&quot;3&quot;,&quot;start_element&quot;:&quot;top&quot;,&quot;start_viewport&quot;:&quot;bottom&quot;,&quot;end_element&quot;:&quot;bottom&quot;,&quot;end_viewport&quot;:&quot;top&quot;,&quot;mouse_effect&quot;:&quot;track&quot;,&quot;mouse_effect_direction&quot;:&quot;opposite&quot;,&quot;mouse_effect_speed&quot;:&quot;2&quot;,&quot;infinite_animation&quot;:&quot;float&quot;,&quot;infinite_animation_speed&quot;:&quot;2&quot;}]\" data-scroll-devices=\"small-visibility,medium-visibility,large-visibility\"><div class=\"fusion-column-wrapper fusion-column-has-shadow fusion-flex-justify-content-flex-start fusion-content-layout-column\"><div class=\"fusion-text fusion-text-1\" style=\"--awb-font-size:26px;--awb-line-height:36px;--awb-margin-top:20px;\"><p>Les canaux de m\u00e9dias sociaux du r\u00e8glement relatif aux services \u00e0 l\u2019enfance et \u00e0 la famille des Premi\u00e8res Nations et au principe de Jordan ont \u00e9t\u00e9 cr\u00e9\u00e9s pour partager des informations et des mises \u00e0 jour sur le r\u00e8glement au nom de l\u2019administrateur. Nous sommes actifs sur <a href=\"https:\/\/www.facebook.com\/FNChildClaims\" target=\"_blank\" rel=\"noopener noreferrer\">Facebook<\/a>, <a href=\"https:\/\/www.instagram.com\/fnchildclaims\/\" target=\"_blank\" rel=\"noopener noreferrer\">Instagram<\/a>, <a href=\"https:\/\/www.youtube.com\/channel\/UC8yjF3oMVncmDYW2gzsSQ6g\" target=\"_blank\" rel=\"noopener\">YouTube<\/a> et <a href=\"https:\/\/x.com\/FNChildClaims\" target=\"_blank\" rel=\"noopener noreferrer\">X<\/a>. <\/p>\n<p>Nous nous engageons \u00e0 fournir des espaces en ligne s\u00fbrs, respectueux et inclusifs pour tous les membres du groupe et \u00e0 prot\u00e9ger la vie priv\u00e9e.<\/p>\n<\/div><div class=\"fusion-title title fusion-title-1 fusion-sep-none fusion-title-text fusion-title-size-two\" style=\"--awb-margin-bottom:;--awb-font-size:32px;\"><h2 class=\"title-heading-left fusion-responsive-typography-calculated\" style=\"margin:0;font-size:1em;text-transform:none;--fontSize:32;line-height:1.31;\">Temps de r\u00e9ponse<\/h2><\/div><div class=\"fusion-text fusion-text-2\"><p>Nous surveillons nos canaux de m\u00e9dias sociaux et r\u00e9pondons aux demandes, le cas \u00e9ch\u00e9ant,\u202fdu lundi au vendredi de 8 h \u00e0\u202f 20 h (HE), \u00e0 l\u2019exception des jours f\u00e9ri\u00e9s. Nous nous effor\u00e7ons de r\u00e9pondre dans les meilleurs d\u00e9lais, mais en p\u00e9riode de forte affluence,\u202fil se peut que nous mettions plus de temps \u00e0 r\u00e9pondre.   <\/p>\n<p><span style=\"color: var(--awb-text-color); font-family: var(--awb-text-font-family); font-size: var(--awb-font-size); font-style: var(--awb-text-font-style); font-weight: var(--awb-text-font-weight); letter-spacing: var(--awb-letter-spacing); text-align: var(--awb-content-alignment); text-transform: var(--awb-text-transform); background-color: var(--awb-bg-color);\" data-contrast=\"auto\">Veuillez noter que nous ne pouvons fournir que des informations g\u00e9n\u00e9rales pour r\u00e9pondre aux questions concernant le r\u00e8glement et le processus de r\u00e9clamation. Si vous avez des questions concernant votre situation sp\u00e9cifique ou votre r\u00e9clamation, veuillez contacter l\u2019administrateur au <a href=\"tel:18338520755\">1-833-852-0755<\/a>. <\/span><\/p>\n<\/div><div class=\"fusion-title title fusion-title-2 fusion-sep-none fusion-title-text fusion-title-size-two\" style=\"--awb-margin-bottom:;--awb-font-size:32px;\"><h2 class=\"title-heading-left fusion-responsive-typography-calculated\" style=\"margin:0;font-size:1em;text-transform:none;--fontSize:32;line-height:1.31;\">Exactitude des informations<\/h2><\/div><div class=\"fusion-text fusion-text-3\"><p>Tout le contenu d\u00e9velopp\u00e9 et publi\u00e9 sur nos canaux de m\u00e9dias sociaux est approuv\u00e9 par l\u2019administrateur et peut \u00eatre modifi\u00e9 ou supprim\u00e9.<\/p>\n<p>Tout le contenu \u00e9tait exact au moment de sa publication. Toutefois, en raison de la nature dynamique du r\u00e8glement, certains contenus peuvent \u00eatre obsol\u00e8tes. <\/p>\n<p>En outre, le contenu qui a \u00e9t\u00e9 traduit automatiquement en raison des param\u00e8tres linguistiques utilis\u00e9s par une personne peut pr\u00e9senter des changements de formulation qui ont une incidence sur le sens de l\u2019information.<\/p>\n<p>Pour obtenir les informations les plus r\u00e9centes, visitez le site <a href=\"https:\/\/fnchildclaims.ca\/fr\">FNChildClaims.ca\/fr<\/a>.<\/p>\n<\/div><div class=\"fusion-title title fusion-title-3 fusion-sep-none fusion-title-text fusion-title-size-two\" style=\"--awb-margin-bottom:;--awb-font-size:32px;\"><h2 class=\"title-heading-left fusion-responsive-typography-calculated\" style=\"margin:0;font-size:1em;text-transform:none;--fontSize:32;line-height:1.31;\">Interaction en ligne<\/h2><\/div><div class=\"fusion-text fusion-text-4\"><p>Nos canaux de m\u00e9dias sociaux sont mod\u00e9r\u00e9s par des gestionnaires de communaut\u00e9 afin de s\u2019assurer que tous ceux qui interagissent sur nos canaux se sentent \u00e0 l\u2019aise. Toute mod\u00e9ration vise principalement \u00e0 supprimer les contenus inappropri\u00e9s et \u00e0 corriger les informations erron\u00e9es. <\/p>\n<p>Nous nous r\u00e9servons le droit d\u2019examiner, de contr\u00f4ler et de supprimer tous les pourriels, la publicit\u00e9 ou les commentaires qui, \u00e0 la seule discr\u00e9tion des gestionnaires de la communaut\u00e9 :<\/p>\n<ul>\n<li>contiennent des informations personnelles<\/li>\n<li>violent la vie priv\u00e9e d\u2019une personne<\/li>\n<li>contiennent des photographies de personnes<\/li>\n<li>sont hors sujet<\/li>\n<li>sont trompeurs<\/li>\n<li>sont discriminatoires, haineux, mena\u00e7ants, agressifs, abusifs ou violents<\/li>\n<li>sont vulgaires, grossiers, offensants ou obsc\u00e8nes<\/li>\n<li>attaquent les personnes qui s\u2019engagent sur nos canaux de m\u00e9dias sociaux, l\u2019administrateur ou le personnel de soutien<\/li>\n<li>contiennent des conversations ou des dialogues inappropri\u00e9s<\/li>\n<\/ul>\n<p>En cas de publication r\u00e9p\u00e9t\u00e9e de messages de cette nature par une personne, nous nous r\u00e9servons le droit de bloquer temporairement ou d\u00e9finitivement l\u2019activit\u00e9 de cette personne sur notre page.<\/p>\n<p>Outre les pr\u00e9sentes lignes directrices, chaque plateforme de m\u00e9dias sociaux dispose de ses propres lignes directrices et politiques communautaires dont vous devez prendre connaissance.<\/p>\n<\/div><div class=\"fusion-title title fusion-title-4 fusion-sep-none fusion-title-text fusion-title-size-two\" style=\"--awb-margin-bottom:;--awb-font-size:32px;\"><h2 class=\"title-heading-left fusion-responsive-typography-calculated\" style=\"margin:0;font-size:1em;text-transform:none;--fontSize:32;line-height:1.31;\">Politique de confidentialit\u00e9<\/h2><\/div><div class=\"fusion-text fusion-text-5\"><p>Des donn\u00e9es personnelles peuvent \u00eatre collect\u00e9es si vous rendez l\u2019information disponible sur nos canaux de m\u00e9dias sociaux. Lisez notre <a href=\"https:\/\/fnchildclaims.ca\/fr\/politique-de-confidentialite\/\" target=\"_blank\" rel=\"noreferrer noopener\">politique de confidentialit\u00e9<\/a> pour plus de d\u00e9tails. <\/p>\n<\/div><\/div><\/div><\/div><\/div><div class=\"fusion-fullwidth fullwidth-box fusion-builder-row-3 fusion-flex-container nonhundred-percent-fullwidth non-hundred-percent-height-scrolling\" style=\"--awb-border-radius-top-left:0px;--awb-border-radius-top-right:0px;--awb-border-radius-bottom-right:0px;--awb-border-radius-bottom-left:0px;--awb-padding-bottom:99px;\" ><div class=\"fusion-builder-row fusion-row fusion-flex-align-items-flex-start\" style=\"max-width:1216.8px;margin-left: calc(-4% \/ 2 );margin-right: calc(-4% \/ 2 );\"><div class=\"fusion-layout-column fusion_builder_column fusion-builder-column-2 fusion_builder_column_1_1 1_1 fusion-flex-column\" style=\"--awb-padding-bottom:20px;--awb-bg-blend:overlay;--awb-bg-size:cover;--awb-width-large:100%;--awb-margin-top-large:0px;--awb-spacing-right-large:1.92%;--awb-margin-bottom-large:0px;--awb-spacing-left-large:1.92%;--awb-width-medium:100%;--awb-order-medium:0;--awb-spacing-right-medium:1.92%;--awb-spacing-left-medium:1.92%;--awb-width-small:100%;--awb-order-small:0;--awb-spacing-right-small:1.92%;--awb-spacing-left-small:1.92%;\" data-motion-effects=\"[{&quot;type&quot;:&quot;&quot;,&quot;scroll_type&quot;:&quot;transition&quot;,&quot;scroll_direction&quot;:&quot;up&quot;,&quot;transition_speed&quot;:&quot;1&quot;,&quot;fade_type&quot;:&quot;in&quot;,&quot;scale_type&quot;:&quot;up&quot;,&quot;initial_scale&quot;:&quot;1&quot;,&quot;max_scale&quot;:&quot;1.5&quot;,&quot;min_scale&quot;:&quot;0.5&quot;,&quot;initial_rotate&quot;:&quot;0&quot;,&quot;end_rotate&quot;:&quot;30&quot;,&quot;initial_blur&quot;:&quot;0&quot;,&quot;end_blur&quot;:&quot;3&quot;,&quot;start_element&quot;:&quot;top&quot;,&quot;start_viewport&quot;:&quot;bottom&quot;,&quot;end_element&quot;:&quot;bottom&quot;,&quot;end_viewport&quot;:&quot;top&quot;,&quot;mouse_effect&quot;:&quot;track&quot;,&quot;mouse_effect_direction&quot;:&quot;opposite&quot;,&quot;mouse_effect_speed&quot;:&quot;2&quot;,&quot;infinite_animation&quot;:&quot;float&quot;,&quot;infinite_animation_speed&quot;:&quot;2&quot;}]\" data-scroll-devices=\"small-visibility,medium-visibility,large-visibility\"><div class=\"fusion-column-wrapper fusion-column-has-shadow fusion-flex-justify-content-flex-start fusion-content-layout-column\"><\/div><\/div><\/div><\/div><\/p>\n","protected":false},"excerpt":{"rendered":"","protected":false},"author":4,"featured_media":0,"parent":0,"menu_order":0,"comment_status":"closed","ping_status":"closed","template":"100-width.php","meta":{"_acf_changed":false,"inline_featured_image":false,"footnotes":"","_links_to":"","_links_to_target":""},"wf_page_folders":[79],"class_list":["post-10058","page","type-page","status-publish","hentry"],"acf":[],"yoast_head":"<!-- This site is optimized with the Yoast SEO plugin v27.2 - https:\/\/yoast.com\/product\/yoast-seo-wordpress\/ -->\n<title>Accessibilit\u00e9<\/title>\n<meta name=\"description\" content=\"Nous nous engageons \u00e0 cr\u00e9er une exp\u00e9rience accessible \u00e0 tous, quel que soit le niveau de capacit\u00e9. Nous travaillons sans rel\u00e2che pour offrir un acc\u00e8s \u00e0 l\u2019information avec une exp\u00e9rience optimis\u00e9e, en appliquant les normes d\u2019accessibilit\u00e9 actuelles telles qu\u2019elles s\u2019appliquent \u00e0 notre site Web public.\" \/>\n<meta name=\"robots\" content=\"index, follow, max-snippet:-1, max-image-preview:large, max-video-preview:-1\" \/>\n<link rel=\"canonical\" href=\"https:\/\/fnchildclaims.ca\/fr\/lignes-directrices-pour-la-communaute-des-medias-sociaux\/\" \/>\n<meta property=\"og:locale\" content=\"fr_FR\" \/>\n<meta property=\"og:type\" content=\"article\" \/>\n<meta property=\"og:title\" content=\"Accessibilit\u00e9\" \/>\n<meta property=\"og:description\" content=\"Nous nous engageons \u00e0 cr\u00e9er une exp\u00e9rience accessible \u00e0 tous, quel que soit le niveau de capacit\u00e9. Nous travaillons sans rel\u00e2che pour offrir un acc\u00e8s \u00e0 l\u2019information avec une exp\u00e9rience optimis\u00e9e, en appliquant les normes d\u2019accessibilit\u00e9 actuelles telles qu\u2019elles s\u2019appliquent \u00e0 notre site Web public.\" \/>\n<meta property=\"og:url\" content=\"https:\/\/fnchildclaims.ca\/fr\/lignes-directrices-pour-la-communaute-des-medias-sociaux\/\" \/>\n<meta property=\"og:site_name\" content=\"First Nations Child and Family Services and Jordan\u2019s Principle Settlement\" \/>\n<meta property=\"article:modified_time\" content=\"2025-06-16T23:11:46+00:00\" \/>\n<meta property=\"og:image\" content=\"https:\/\/fnchildclaims.ca\/wp-content\/uploads\/2023\/10\/hand-hold-284x300.png\" \/>\n<meta name=\"twitter:card\" content=\"summary_large_image\" \/>\n<meta name=\"twitter:title\" content=\"Politique de confidentialit\u00e9\" \/>\n<meta name=\"twitter:description\" content=\"Le pr\u00e9sent \u00e9nonc\u00e9 de confidentialit\u00e9 explique la nature des renseignements que nous recueillons \u00e0 votre sujet, l\u2019utilisation que nous en faisons et \u00e0 qui nous les communiquons.\" \/>\n<meta name=\"twitter:image\" content=\"https:\/\/fnchildclaims.ca\/wp-content\/uploads\/2023\/10\/hand-hold.png\" \/>\n<meta name=\"twitter:label1\" content=\"Dur\u00e9e de lecture estim\u00e9e\" \/>\n\t<meta name=\"twitter:data1\" content=\"5 minutes\" \/>\n<script type=\"application\/ld+json\" class=\"yoast-schema-graph\">{\"@context\":\"https:\/\/schema.org\",\"@graph\":[{\"@type\":\"WebPage\",\"@id\":\"https:\/\/fnchildclaims.ca\/fr\/lignes-directrices-pour-la-communaute-des-medias-sociaux\/\",\"url\":\"https:\/\/fnchildclaims.ca\/fr\/lignes-directrices-pour-la-communaute-des-medias-sociaux\/\",\"name\":\"Accessibilit\u00e9\",\"isPartOf\":{\"@id\":\"https:\/\/fnchildclaims.ca\/#website\"},\"datePublished\":\"2024-08-01T21:07:54+00:00\",\"dateModified\":\"2025-06-16T23:11:46+00:00\",\"description\":\"Nous nous engageons \u00e0 cr\u00e9er une exp\u00e9rience accessible \u00e0 tous, quel que soit le niveau de capacit\u00e9. Nous travaillons sans rel\u00e2che pour offrir un acc\u00e8s \u00e0 l\u2019information avec une exp\u00e9rience optimis\u00e9e, en appliquant les normes d\u2019accessibilit\u00e9 actuelles telles qu\u2019elles s\u2019appliquent \u00e0 notre site Web public.\",\"breadcrumb\":{\"@id\":\"https:\/\/fnchildclaims.ca\/fr\/lignes-directrices-pour-la-communaute-des-medias-sociaux\/#breadcrumb\"},\"inLanguage\":\"fr-FR\",\"potentialAction\":[{\"@type\":\"ReadAction\",\"target\":[\"https:\/\/fnchildclaims.ca\/fr\/lignes-directrices-pour-la-communaute-des-medias-sociaux\/\"]}]},{\"@type\":\"BreadcrumbList\",\"@id\":\"https:\/\/fnchildclaims.ca\/fr\/lignes-directrices-pour-la-communaute-des-medias-sociaux\/#breadcrumb\",\"itemListElement\":[{\"@type\":\"ListItem\",\"position\":1,\"name\":\"Accueil\",\"item\":\"https:\/\/fnchildclaims.ca\/fr\/\"},{\"@type\":\"ListItem\",\"position\":2,\"name\":\"Lignes directrices pour la communaut\u00e9 des m\u00e9dias sociaux\"}]},{\"@type\":\"WebSite\",\"@id\":\"https:\/\/fnchildclaims.ca\/#website\",\"url\":\"https:\/\/fnchildclaims.ca\/\",\"name\":\"First Nations Child and Family Services and Jordan\u2019s Principle Settlement\",\"description\":\"\",\"potentialAction\":[{\"@type\":\"SearchAction\",\"target\":{\"@type\":\"EntryPoint\",\"urlTemplate\":\"https:\/\/fnchildclaims.ca\/?s={search_term_string}\"},\"query-input\":{\"@type\":\"PropertyValueSpecification\",\"valueRequired\":true,\"valueName\":\"search_term_string\"}}],\"inLanguage\":\"fr-FR\"}]}<\/script>\n<!-- \/ Yoast SEO plugin. -->","yoast_head_json":{"title":"Accessibilit\u00e9","description":"Nous nous engageons \u00e0 cr\u00e9er une exp\u00e9rience accessible \u00e0 tous, quel que soit le niveau de capacit\u00e9. Nous travaillons sans rel\u00e2che pour offrir un acc\u00e8s \u00e0 l\u2019information avec une exp\u00e9rience optimis\u00e9e, en appliquant les normes d\u2019accessibilit\u00e9 actuelles telles qu\u2019elles s\u2019appliquent \u00e0 notre site Web public.","robots":{"index":"index","follow":"follow","max-snippet":"max-snippet:-1","max-image-preview":"max-image-preview:large","max-video-preview":"max-video-preview:-1"},"canonical":"https:\/\/fnchildclaims.ca\/fr\/lignes-directrices-pour-la-communaute-des-medias-sociaux\/","og_locale":"fr_FR","og_type":"article","og_title":"Accessibilit\u00e9","og_description":"Nous nous engageons \u00e0 cr\u00e9er une exp\u00e9rience accessible \u00e0 tous, quel que soit le niveau de capacit\u00e9. Nous travaillons sans rel\u00e2che pour offrir un acc\u00e8s \u00e0 l\u2019information avec une exp\u00e9rience optimis\u00e9e, en appliquant les normes d\u2019accessibilit\u00e9 actuelles telles qu\u2019elles s\u2019appliquent \u00e0 notre site Web public.","og_url":"https:\/\/fnchildclaims.ca\/fr\/lignes-directrices-pour-la-communaute-des-medias-sociaux\/","og_site_name":"First Nations Child and Family Services and Jordan\u2019s Principle Settlement","article_modified_time":"2025-06-16T23:11:46+00:00","og_image":[{"url":"https:\/\/fnchildclaims.ca\/wp-content\/uploads\/2023\/10\/hand-hold-284x300.png","type":"","width":"","height":""}],"twitter_card":"summary_large_image","twitter_title":"Politique de confidentialit\u00e9","twitter_description":"Le pr\u00e9sent \u00e9nonc\u00e9 de confidentialit\u00e9 explique la nature des renseignements que nous recueillons \u00e0 votre sujet, l\u2019utilisation que nous en faisons et \u00e0 qui nous les communiquons.","twitter_image":"https:\/\/fnchildclaims.ca\/wp-content\/uploads\/2023\/10\/hand-hold.png","twitter_misc":{"Dur\u00e9e de lecture estim\u00e9e":"5 minutes"},"schema":{"@context":"https:\/\/schema.org","@graph":[{"@type":"WebPage","@id":"https:\/\/fnchildclaims.ca\/fr\/lignes-directrices-pour-la-communaute-des-medias-sociaux\/","url":"https:\/\/fnchildclaims.ca\/fr\/lignes-directrices-pour-la-communaute-des-medias-sociaux\/","name":"Accessibilit\u00e9","isPartOf":{"@id":"https:\/\/fnchildclaims.ca\/#website"},"datePublished":"2024-08-01T21:07:54+00:00","dateModified":"2025-06-16T23:11:46+00:00","description":"Nous nous engageons \u00e0 cr\u00e9er une exp\u00e9rience accessible \u00e0 tous, quel que soit le niveau de capacit\u00e9. Nous travaillons sans rel\u00e2che pour offrir un acc\u00e8s \u00e0 l\u2019information avec une exp\u00e9rience optimis\u00e9e, en appliquant les normes d\u2019accessibilit\u00e9 actuelles telles qu\u2019elles s\u2019appliquent \u00e0 notre site Web public.","breadcrumb":{"@id":"https:\/\/fnchildclaims.ca\/fr\/lignes-directrices-pour-la-communaute-des-medias-sociaux\/#breadcrumb"},"inLanguage":"fr-FR","potentialAction":[{"@type":"ReadAction","target":["https:\/\/fnchildclaims.ca\/fr\/lignes-directrices-pour-la-communaute-des-medias-sociaux\/"]}]},{"@type":"BreadcrumbList","@id":"https:\/\/fnchildclaims.ca\/fr\/lignes-directrices-pour-la-communaute-des-medias-sociaux\/#breadcrumb","itemListElement":[{"@type":"ListItem","position":1,"name":"Accueil","item":"https:\/\/fnchildclaims.ca\/fr\/"},{"@type":"ListItem","position":2,"name":"Lignes directrices pour la communaut\u00e9 des m\u00e9dias sociaux"}]},{"@type":"WebSite","@id":"https:\/\/fnchildclaims.ca\/#website","url":"https:\/\/fnchildclaims.ca\/","name":"First Nations Child and Family Services and Jordan\u2019s Principle Settlement","description":"","potentialAction":[{"@type":"SearchAction","target":{"@type":"EntryPoint","urlTemplate":"https:\/\/fnchildclaims.ca\/?s={search_term_string}"},"query-input":{"@type":"PropertyValueSpecification","valueRequired":true,"valueName":"search_term_string"}}],"inLanguage":"fr-FR"}]}},"_links":{"self":[{"href":"https:\/\/fnchildclaims.ca\/fr\/wp-json\/wp\/v2\/pages\/10058","targetHints":{"allow":["GET"]}}],"collection":[{"href":"https:\/\/fnchildclaims.ca\/fr\/wp-json\/wp\/v2\/pages"}],"about":[{"href":"https:\/\/fnchildclaims.ca\/fr\/wp-json\/wp\/v2\/types\/page"}],"author":[{"embeddable":true,"href":"https:\/\/fnchildclaims.ca\/fr\/wp-json\/wp\/v2\/users\/4"}],"replies":[{"embeddable":true,"href":"https:\/\/fnchildclaims.ca\/fr\/wp-json\/wp\/v2\/comments?post=10058"}],"version-history":[{"count":10,"href":"https:\/\/fnchildclaims.ca\/fr\/wp-json\/wp\/v2\/pages\/10058\/revisions"}],"predecessor-version":[{"id":21685,"href":"https:\/\/fnchildclaims.ca\/fr\/wp-json\/wp\/v2\/pages\/10058\/revisions\/21685"}],"wp:attachment":[{"href":"https:\/\/fnchildclaims.ca\/fr\/wp-json\/wp\/v2\/media?parent=10058"}],"wp:term":[{"taxonomy":"wf_page_folders","embeddable":true,"href":"https:\/\/fnchildclaims.ca\/fr\/wp-json\/wp\/v2\/wf_page_folders?post=10058"}],"curies":[{"name":"wp","href":"https:\/\/api.w.org\/{rel}","templated":true}]}}